{"id":8577,"date":"2021-12-29T16:20:48","date_gmt":"2021-12-29T16:20:48","guid":{"rendered":"https:\/\/frauenarzt-rahlstedt.de\/praktike-per-diagnostikimin-prenatal-hamburg-gjinekolog-hamburg-praktike-gjinekologjike-mjekesia-prenatale-degum-ii-ekspert-top\/kontaktoni-gjinekologun-ne-hamburg-diagnostikimi-prenatal-hamburg-ekspertet-ne-rahlstedt\/"},"modified":"2024-01-26T18:52:22","modified_gmt":"2024-01-26T18:52:22","slug":"kontaktoni-gjinekologun-ne-hamburg-diagnostikimi-prenatal-hamburg-ekspertet-ne-rahlstedt","status":"publish","type":"page","link":"https:\/\/frauenarzt-rahlstedt.de\/sq\/praktike-per-diagnostikimin-prenatal-hamburg-gjinekolog-hamburg-praktike-gjinekologjike-mjekesia-prenatale-degum-ii-ekspert-top\/kontaktoni-gjinekologun-ne-hamburg-diagnostikimi-prenatal-hamburg-ekspertet-ne-rahlstedt\/","title":{"rendered":"Kontaktoni gjinekologun n\u00eb Hamburg | Po k\u00ebrkoni nj\u00eb gjinekolog pran\u00eb jush? | Ekspert\u00ebt n\u00eb Rahlstedt"},"content":{"rendered":"","protected":false},"excerpt":{"rendered":"","protected":false},"author":1,"featured_media":0,"parent":8375,"menu_order":0,"comment_status":"closed","ping_status":"closed","template":"","meta":{"footnotes":""},"class_list":["post-8577","page","type-page","status-publish","hentry"],"_links":{"self":[{"href":"https:\/\/frauenarzt-rahlstedt.de\/sq\/wp-json\/wp\/v2\/pages\/8577","targetHints":{"allow":["GET"]}}],"collection":[{"href":"https:\/\/frauenarzt-rahlstedt.de\/sq\/wp-json\/wp\/v2\/pages"}],"about":[{"href":"https:\/\/frauenarzt-rahlstedt.de\/sq\/wp-json\/wp\/v2\/types\/page"}],"author":[{"embeddable":true,"href":"https:\/\/frauenarzt-rahlstedt.de\/sq\/wp-json\/wp\/v2\/users\/1"}],"replies":[{"embeddable":true,"href":"https:\/\/frauenarzt-rahlstedt.de\/sq\/wp-json\/wp\/v2\/comments?post=8577"}],"version-history":[{"count":0,"href":"https:\/\/frauenarzt-rahlstedt.de\/sq\/wp-json\/wp\/v2\/pages\/8577\/revisions"}],"up":[{"embeddable":true,"href":"https:\/\/frauenarzt-rahlstedt.de\/sq\/wp-json\/wp\/v2\/pages\/8375"}],"wp:attachment":[{"href":"https:\/\/frauenarzt-rahlstedt.de\/sq\/wp-json\/wp\/v2\/media?parent=8577"}],"curies":[{"name":"wp","href":"https:\/\/api.w.org\/{rel}","templated":true}]}}