{"id":8571,"date":"2021-12-31T10:11:44","date_gmt":"2021-12-31T10:11:44","guid":{"rendered":"https:\/\/frauenarzt-rahlstedt.de\/praktike-per-diagnostikimin-prenatal-hamburg-gjinekolog-hamburg-praktike-gjinekologjike-mjekesia-prenatale-degum-ii-ekspert-top\/deshira-per-te-pasur-femije-hamburg-gjinekolog-ne-hamburg-ekspert\/"},"modified":"2024-01-23T18:47:10","modified_gmt":"2024-01-23T18:47:10","slug":"deshira-per-te-pasur-femije-hamburg-gjinekolog-ne-hamburg-ekspert","status":"publish","type":"page","link":"https:\/\/frauenarzt-rahlstedt.de\/sq\/praktike-per-diagnostikimin-prenatal-hamburg-gjinekolog-hamburg-praktike-gjinekologjike-mjekesia-prenatale-degum-ii-ekspert-top\/deshira-per-te-pasur-femije-hamburg-gjinekolog-ne-hamburg-ekspert\/","title":{"rendered":"D\u00ebshira p\u00ebr t\u00eb pasur f\u00ebmij\u00eb Hamburg | Gjinekolog n\u00eb Hamburg | Ekspert"},"content":{"rendered":"","protected":false},"excerpt":{"rendered":"","protected":false},"author":1,"featured_media":0,"parent":8375,"menu_order":0,"comment_status":"closed","ping_status":"closed","template":"","meta":{"footnotes":""},"class_list":["post-8571","page","type-page","status-publish","hentry"],"_links":{"self":[{"href":"https:\/\/frauenarzt-rahlstedt.de\/sq\/wp-json\/wp\/v2\/pages\/8571","targetHints":{"allow":["GET"]}}],"collection":[{"href":"https:\/\/frauenarzt-rahlstedt.de\/sq\/wp-json\/wp\/v2\/pages"}],"about":[{"href":"https:\/\/frauenarzt-rahlstedt.de\/sq\/wp-json\/wp\/v2\/types\/page"}],"author":[{"embeddable":true,"href":"https:\/\/frauenarzt-rahlstedt.de\/sq\/wp-json\/wp\/v2\/users\/1"}],"replies":[{"embeddable":true,"href":"https:\/\/frauenarzt-rahlstedt.de\/sq\/wp-json\/wp\/v2\/comments?post=8571"}],"version-history":[{"count":0,"href":"https:\/\/frauenarzt-rahlstedt.de\/sq\/wp-json\/wp\/v2\/pages\/8571\/revisions"}],"up":[{"embeddable":true,"href":"https:\/\/frauenarzt-rahlstedt.de\/sq\/wp-json\/wp\/v2\/pages\/8375"}],"wp:attachment":[{"href":"https:\/\/frauenarzt-rahlstedt.de\/sq\/wp-json\/wp\/v2\/media?parent=8571"}],"curies":[{"name":"wp","href":"https:\/\/api.w.org\/{rel}","templated":true}]}}