{"id":8551,"date":"2021-12-25T12:10:52","date_gmt":"2021-12-25T12:10:52","guid":{"rendered":""},"modified":"2024-04-04T09:45:39","modified_gmt":"2024-04-04T09:45:39","slug":"ekzaminimi-i-tremujorit-te-pare-hamburg-ekzaminimi-i-tremujorit-te-pare-nipt-matja-e-tejdukshmerise-nukale-kocka-e-hundes-ekzaminimi-i-preeklampsise-diagnostifikim-prenatal-shume-i-sakte-n","status":"publish","type":"page","link":"https:\/\/frauenarzt-rahlstedt.de\/sq\/praktike-per-diagnostikimin-prenatal-hamburg-gjinekolog-hamburg-praktike-gjinekologjike-mjekesia-prenatale-degum-ii-ekspert-top\/ekzaminimi-i-tremujorit-te-pare-hamburg-ekzaminimi-i-tremujorit-te-pare-nipt-matja-e-tejdukshmerise-nukale-kocka-e-hundes-ekzaminimi-i-preeklampsise-diagnostifikim-prenatal-shume-i-sakte-n\/","title":{"rendered":"Ekzaminimi i tremujorit t\u00eb par\u00eb Hamburg | Ekzaminimi i tremujorit t\u00eb par\u00eb | NIPT | Matja e tejdukshm\u00ebris\u00eb nukale | kocka e hund\u00ebs | Ekzaminimi i preeklampsis\u00eb | Diagnostifikim prenatal shum\u00eb i sakt\u00eb n\u00eb nj\u00eb atmosfer\u00eb t\u00eb k\u00ebndshme ekspertiz\u00eb TOP"},"content":{"rendered":"","protected":false},"excerpt":{"rendered":"","protected":false},"author":1,"featured_media":0,"parent":8375,"menu_order":0,"comment_status":"closed","ping_status":"closed","template":"","meta":{"footnotes":""},"class_list":["post-8551","page","type-page","status-publish","hentry"],"_links":{"self":[{"href":"https:\/\/frauenarzt-rahlstedt.de\/sq\/wp-json\/wp\/v2\/pages\/8551","targetHints":{"allow":["GET"]}}],"collection":[{"href":"https:\/\/frauenarzt-rahlstedt.de\/sq\/wp-json\/wp\/v2\/pages"}],"about":[{"href":"https:\/\/frauenarzt-rahlstedt.de\/sq\/wp-json\/wp\/v2\/types\/page"}],"author":[{"embeddable":true,"href":"https:\/\/frauenarzt-rahlstedt.de\/sq\/wp-json\/wp\/v2\/users\/1"}],"replies":[{"embeddable":true,"href":"https:\/\/frauenarzt-rahlstedt.de\/sq\/wp-json\/wp\/v2\/comments?post=8551"}],"version-history":[{"count":0,"href":"https:\/\/frauenarzt-rahlstedt.de\/sq\/wp-json\/wp\/v2\/pages\/8551\/revisions"}],"up":[{"embeddable":true,"href":"https:\/\/frauenarzt-rahlstedt.de\/sq\/wp-json\/wp\/v2\/pages\/8375"}],"wp:attachment":[{"href":"https:\/\/frauenarzt-rahlstedt.de\/sq\/wp-json\/wp\/v2\/media?parent=8551"}],"curies":[{"name":"wp","href":"https:\/\/api.w.org\/{rel}","templated":true}]}}