{"id":8548,"date":"2021-12-27T15:34:03","date_gmt":"2021-12-27T15:34:03","guid":{"rendered":"https:\/\/frauenarzt-rahlstedt.de\/praktike-per-diagnostikimin-prenatal-hamburg-gjinekolog-hamburg-praktike-gjinekologjike-mjekesia-prenatale-degum-ii-ekspert-top\/igel-sherbime-shtese-te-dobishme-gjinekologu-hamburg-ekspert\/"},"modified":"2021-12-27T15:34:03","modified_gmt":"2021-12-27T15:34:03","slug":"igel-sherbime-shtese-te-dobishme-gjinekologu-hamburg-ekspert","status":"publish","type":"page","link":"https:\/\/frauenarzt-rahlstedt.de\/sq\/praktike-per-diagnostikimin-prenatal-hamburg-gjinekolog-hamburg-praktike-gjinekologjike-mjekesia-prenatale-degum-ii-ekspert-top\/igel-sherbime-shtese-te-dobishme-gjinekologu-hamburg-ekspert\/","title":{"rendered":"IGeL | Sh\u00ebrbime shtes\u00eb t\u00eb dobishme Gjinekologu Hamburg | Ekspert"},"content":{"rendered":"","protected":false},"excerpt":{"rendered":"","protected":false},"author":1,"featured_media":0,"parent":8375,"menu_order":0,"comment_status":"closed","ping_status":"closed","template":"","meta":{"footnotes":""},"class_list":["post-8548","page","type-page","status-publish","hentry"],"_links":{"self":[{"href":"https:\/\/frauenarzt-rahlstedt.de\/sq\/wp-json\/wp\/v2\/pages\/8548","targetHints":{"allow":["GET"]}}],"collection":[{"href":"https:\/\/frauenarzt-rahlstedt.de\/sq\/wp-json\/wp\/v2\/pages"}],"about":[{"href":"https:\/\/frauenarzt-rahlstedt.de\/sq\/wp-json\/wp\/v2\/types\/page"}],"author":[{"embeddable":true,"href":"https:\/\/frauenarzt-rahlstedt.de\/sq\/wp-json\/wp\/v2\/users\/1"}],"replies":[{"embeddable":true,"href":"https:\/\/frauenarzt-rahlstedt.de\/sq\/wp-json\/wp\/v2\/comments?post=8548"}],"version-history":[{"count":0,"href":"https:\/\/frauenarzt-rahlstedt.de\/sq\/wp-json\/wp\/v2\/pages\/8548\/revisions"}],"up":[{"embeddable":true,"href":"https:\/\/frauenarzt-rahlstedt.de\/sq\/wp-json\/wp\/v2\/pages\/8375"}],"wp:attachment":[{"href":"https:\/\/frauenarzt-rahlstedt.de\/sq\/wp-json\/wp\/v2\/media?parent=8548"}],"curies":[{"name":"wp","href":"https:\/\/api.w.org\/{rel}","templated":true}]}}