{"id":8534,"date":"2021-12-27T10:51:13","date_gmt":"2021-12-27T10:51:13","guid":{"rendered":"https:\/\/frauenarzt-rahlstedt.de\/buletini-degum-ii-hamburg-lajme-nga-gjinekologjia-ne-hamburg-rahlstedt-ekspert\/"},"modified":"2024-01-23T17:53:28","modified_gmt":"2024-01-23T17:53:28","slug":"buletini-degum-ii-hamburg-lajme-nga-gjinekologjia-ne-hamburg-rahlstedt-ekspert","status":"publish","type":"page","link":"https:\/\/frauenarzt-rahlstedt.de\/sq\/buletini-degum-ii-hamburg-lajme-nga-gjinekologjia-ne-hamburg-rahlstedt-ekspert\/","title":{"rendered":"Buletini | DEGUM II Hamburg | Lajme nga gjinekologjia n\u00eb Hamburg Rahlstedt | Ekspert"},"content":{"rendered":"<p>[newsletter]<\/p>\n\n<p>Mezi presim t&#8217;ju mir\u00ebpresim n\u00eb ordinanc\u00ebn ton\u00eb p\u00ebr gjinekologji dhe diagnostikim prenatal n\u00eb Hamburg Rahlstedt.<\/p>\n\n<p>Me buletinin ton\u00eb ju do t\u00eb q\u00ebndroni gjithmon\u00eb t\u00eb p\u00ebrdit\u00ebsuar.<\/p>\n","protected":false},"excerpt":{"rendered":"<p>[newsletter] Mezi presim t&#8217;ju mir\u00ebpresim n\u00eb ordinanc\u00ebn ton\u00eb p\u00ebr gjinekologji dhe diagnostikim prenatal n\u00eb Hamburg Rahlstedt. Me buletinin ton\u00eb ju do t\u00eb q\u00ebndroni gjithmon\u00eb t\u00eb p\u00ebrdit\u00ebsuar.<\/p>\n","protected":false},"author":1,"featured_media":0,"parent":0,"menu_order":0,"comment_status":"closed","ping_status":"closed","template":"","meta":{"footnotes":""},"class_list":["post-8534","page","type-page","status-publish","hentry"],"_links":{"self":[{"href":"https:\/\/frauenarzt-rahlstedt.de\/sq\/wp-json\/wp\/v2\/pages\/8534","targetHints":{"allow":["GET"]}}],"collection":[{"href":"https:\/\/frauenarzt-rahlstedt.de\/sq\/wp-json\/wp\/v2\/pages"}],"about":[{"href":"https:\/\/frauenarzt-rahlstedt.de\/sq\/wp-json\/wp\/v2\/types\/page"}],"author":[{"embeddable":true,"href":"https:\/\/frauenarzt-rahlstedt.de\/sq\/wp-json\/wp\/v2\/users\/1"}],"replies":[{"embeddable":true,"href":"https:\/\/frauenarzt-rahlstedt.de\/sq\/wp-json\/wp\/v2\/comments?post=8534"}],"version-history":[{"count":0,"href":"https:\/\/frauenarzt-rahlstedt.de\/sq\/wp-json\/wp\/v2\/pages\/8534\/revisions"}],"wp:attachment":[{"href":"https:\/\/frauenarzt-rahlstedt.de\/sq\/wp-json\/wp\/v2\/media?parent=8534"}],"curies":[{"name":"wp","href":"https:\/\/api.w.org\/{rel}","templated":true}]}}