{"id":8521,"date":"2021-12-27T16:08:10","date_gmt":"2021-12-27T16:08:10","guid":{"rendered":""},"modified":"2024-01-26T19:11:25","modified_gmt":"2024-01-26T19:11:25","slug":"shtatzenia-hamburg-shtatzenia-me-rrezik-te-larte-hamburg-parandalimi-i-lindjes-se-parakohshme-hamburg-mjekesi-prenatale-hamburg-ekspert","status":"publish","type":"page","link":"https:\/\/frauenarzt-rahlstedt.de\/sq\/praktike-per-diagnostikimin-prenatal-hamburg-gjinekolog-hamburg-praktike-gjinekologjike-mjekesia-prenatale-degum-ii-ekspert-top\/shtatzenia-hamburg-shtatzenia-me-rrezik-te-larte-hamburg-parandalimi-i-lindjes-se-parakohshme-hamburg-mjekesi-prenatale-hamburg-ekspert\/","title":{"rendered":"Shtatz\u00ebnia Hamburg | Kujdesi p\u00ebr shtatz\u00ebnin\u00eb | Parandalimi i lindjes s\u00eb parakohshme Hamburg | Mjek\u00ebsi prenatale Hamburg | Ekspert"},"content":{"rendered":"","protected":false},"excerpt":{"rendered":"","protected":false},"author":1,"featured_media":0,"parent":8375,"menu_order":0,"comment_status":"closed","ping_status":"closed","template":"","meta":{"footnotes":""},"class_list":["post-8521","page","type-page","status-publish","hentry"],"_links":{"self":[{"href":"https:\/\/frauenarzt-rahlstedt.de\/sq\/wp-json\/wp\/v2\/pages\/8521","targetHints":{"allow":["GET"]}}],"collection":[{"href":"https:\/\/frauenarzt-rahlstedt.de\/sq\/wp-json\/wp\/v2\/pages"}],"about":[{"href":"https:\/\/frauenarzt-rahlstedt.de\/sq\/wp-json\/wp\/v2\/types\/page"}],"author":[{"embeddable":true,"href":"https:\/\/frauenarzt-rahlstedt.de\/sq\/wp-json\/wp\/v2\/users\/1"}],"replies":[{"embeddable":true,"href":"https:\/\/frauenarzt-rahlstedt.de\/sq\/wp-json\/wp\/v2\/comments?post=8521"}],"version-history":[{"count":0,"href":"https:\/\/frauenarzt-rahlstedt.de\/sq\/wp-json\/wp\/v2\/pages\/8521\/revisions"}],"up":[{"embeddable":true,"href":"https:\/\/frauenarzt-rahlstedt.de\/sq\/wp-json\/wp\/v2\/pages\/8375"}],"wp:attachment":[{"href":"https:\/\/frauenarzt-rahlstedt.de\/sq\/wp-json\/wp\/v2\/media?parent=8521"}],"curies":[{"name":"wp","href":"https:\/\/api.w.org\/{rel}","templated":true}]}}