{"id":8489,"date":"2024-01-19T19:52:20","date_gmt":"2024-01-19T19:52:20","guid":{"rendered":""},"modified":"2024-01-26T18:57:12","modified_gmt":"2024-01-26T18:57:12","slug":"diagnostifikimi-prenatal-ne-hamburg-diagnostifikimi-i-mire-ekzaminimi-i-tremujorit-te-pare-hamburg-ekzaminimi-i-tremujorit-te-pare-nipt-hamburg-amniocenteza-marrja-e-mostrave-te-vileve-kor","status":"publish","type":"page","link":"https:\/\/frauenarzt-rahlstedt.de\/sq\/praktike-per-diagnostikimin-prenatal-hamburg-gjinekolog-hamburg-praktike-gjinekologjike-mjekesia-prenatale-degum-ii-ekspert-top\/diagnostifikimi-prenatal-ne-hamburg-diagnostifikimi-i-mire-ekzaminimi-i-tremujorit-te-pare-hamburg-ekzaminimi-i-tremujorit-te-pare-nipt-hamburg-amniocenteza-marrja-e-mostrave-te-vileve-kor\/","title":{"rendered":"Diagnostifikimi prenatal n\u00eb Hamburg | Diagnostifikimi i mir\u00eb | Ekzaminimi i tremujorit t\u00eb par\u00eb Hamburg | Ekzaminimi i tremujorit t\u00eb par\u00eb | NIPT Hamburg | Amniocenteza | Marrja e mostrave t\u00eb vileve korionike | Ekokardiografia fetale Hamburg | Atmosfer\u00eb shum\u00eb e k\u00ebndshme dhe ekspert\u00eb TOP"},"content":{"rendered":"","protected":false},"excerpt":{"rendered":"","protected":false},"author":1,"featured_media":0,"parent":8375,"menu_order":0,"comment_status":"closed","ping_status":"closed","template":"","meta":{"footnotes":""},"class_list":["post-8489","page","type-page","status-publish","hentry"],"_links":{"self":[{"href":"https:\/\/frauenarzt-rahlstedt.de\/sq\/wp-json\/wp\/v2\/pages\/8489","targetHints":{"allow":["GET"]}}],"collection":[{"href":"https:\/\/frauenarzt-rahlstedt.de\/sq\/wp-json\/wp\/v2\/pages"}],"about":[{"href":"https:\/\/frauenarzt-rahlstedt.de\/sq\/wp-json\/wp\/v2\/types\/page"}],"author":[{"embeddable":true,"href":"https:\/\/frauenarzt-rahlstedt.de\/sq\/wp-json\/wp\/v2\/users\/1"}],"replies":[{"embeddable":true,"href":"https:\/\/frauenarzt-rahlstedt.de\/sq\/wp-json\/wp\/v2\/comments?post=8489"}],"version-history":[{"count":0,"href":"https:\/\/frauenarzt-rahlstedt.de\/sq\/wp-json\/wp\/v2\/pages\/8489\/revisions"}],"up":[{"embeddable":true,"href":"https:\/\/frauenarzt-rahlstedt.de\/sq\/wp-json\/wp\/v2\/pages\/8375"}],"wp:attachment":[{"href":"https:\/\/frauenarzt-rahlstedt.de\/sq\/wp-json\/wp\/v2\/media?parent=8489"}],"curies":[{"name":"wp","href":"https:\/\/api.w.org\/{rel}","templated":true}]}}