{"id":8487,"date":"2024-01-19T19:01:09","date_gmt":"2024-01-19T19:01:09","guid":{"rendered":""},"modified":"2024-12-01T19:08:42","modified_gmt":"2024-12-01T19:08:42","slug":"diagnostifikimi-prenatal-invaziv-amniocenteza-kampionimi-i-vileve-korionike-ne-hamburg-punksioni-me-gjilpere-te-imet-ne-shtatzeni-niveli-shume-i-larte-i-pervojes-nga-ekspertet-top","status":"publish","type":"page","link":"https:\/\/frauenarzt-rahlstedt.de\/sq\/praktike-per-diagnostikimin-prenatal-hamburg-gjinekolog-hamburg-praktike-gjinekologjike-mjekesia-prenatale-degum-ii-ekspert-top\/diagnostifikimi-prenatal-invaziv-amniocenteza-kampionimi-i-vileve-korionike-ne-hamburg-punksioni-me-gjilpere-te-imet-ne-shtatzeni-niveli-shume-i-larte-i-pervojes-nga-ekspertet-top\/","title":{"rendered":"Diagnoza invazive prenatale | Amniocenteza, kampionimi i vileve korionike n\u00eb Hamburg | Punksioni me gjilp\u00ebr\u00eb t\u00eb im\u00ebt n\u00eb shtatz\u00ebni | K\u00ebshillimi gjenetik i njeriut"},"content":{"rendered":"","protected":false},"excerpt":{"rendered":"","protected":false},"author":1,"featured_media":0,"parent":8375,"menu_order":0,"comment_status":"closed","ping_status":"closed","template":"","meta":{"footnotes":""},"class_list":["post-8487","page","type-page","status-publish","hentry"],"_links":{"self":[{"href":"https:\/\/frauenarzt-rahlstedt.de\/sq\/wp-json\/wp\/v2\/pages\/8487","targetHints":{"allow":["GET"]}}],"collection":[{"href":"https:\/\/frauenarzt-rahlstedt.de\/sq\/wp-json\/wp\/v2\/pages"}],"about":[{"href":"https:\/\/frauenarzt-rahlstedt.de\/sq\/wp-json\/wp\/v2\/types\/page"}],"author":[{"embeddable":true,"href":"https:\/\/frauenarzt-rahlstedt.de\/sq\/wp-json\/wp\/v2\/users\/1"}],"replies":[{"embeddable":true,"href":"https:\/\/frauenarzt-rahlstedt.de\/sq\/wp-json\/wp\/v2\/comments?post=8487"}],"version-history":[{"count":0,"href":"https:\/\/frauenarzt-rahlstedt.de\/sq\/wp-json\/wp\/v2\/pages\/8487\/revisions"}],"up":[{"embeddable":true,"href":"https:\/\/frauenarzt-rahlstedt.de\/sq\/wp-json\/wp\/v2\/pages\/8375"}],"wp:attachment":[{"href":"https:\/\/frauenarzt-rahlstedt.de\/sq\/wp-json\/wp\/v2\/media?parent=8487"}],"curies":[{"name":"wp","href":"https:\/\/api.w.org\/{rel}","templated":true}]}}