{"id":8475,"date":"2024-01-19T18:56:35","date_gmt":"2024-01-19T18:56:35","guid":{"rendered":""},"modified":"2024-01-26T18:44:31","modified_gmt":"2024-01-26T18:44:31","slug":"ekzaminimi-i-tremujorit-te-iii-te-ekzaminimi-doppler-gjate-shtatzenise-ekokardiografia-fetale-hamburg-shtatzenia-me-rrezik-te-larte-siguria-maksimale-ne-kujdes-pamjaftueshmeria-e-placentes","status":"publish","type":"page","link":"https:\/\/frauenarzt-rahlstedt.de\/sq\/praktike-per-diagnostikimin-prenatal-hamburg-gjinekolog-hamburg-praktike-gjinekologjike-mjekesia-prenatale-degum-ii-ekspert-top\/ekzaminimi-i-tremujorit-te-iii-te-ekzaminimi-doppler-gjate-shtatzenise-ekokardiografia-fetale-hamburg-shtatzenia-me-rrezik-te-larte-siguria-maksimale-ne-kujdes-pamjaftueshmeria-e-placentes\/","title":{"rendered":"Ekzaminimi i tremujorit t\u00eb III-t\u00eb | Ekzaminimi Doppler gjat\u00eb shtatz\u00ebnis\u00eb | Ekokardiografia fetale Hamburg | Shtatz\u00ebnia me rrezik t\u00eb lart\u00eb | Siguria maksimale n\u00eb kujdes | Pamjaftueshm\u00ebria e placent\u00ebs | Preeklampsi | Binjak\u00ebt"},"content":{"rendered":"","protected":false},"excerpt":{"rendered":"","protected":false},"author":1,"featured_media":0,"parent":8375,"menu_order":0,"comment_status":"closed","ping_status":"closed","template":"","meta":{"footnotes":""},"class_list":["post-8475","page","type-page","status-publish","hentry"],"_links":{"self":[{"href":"https:\/\/frauenarzt-rahlstedt.de\/sq\/wp-json\/wp\/v2\/pages\/8475","targetHints":{"allow":["GET"]}}],"collection":[{"href":"https:\/\/frauenarzt-rahlstedt.de\/sq\/wp-json\/wp\/v2\/pages"}],"about":[{"href":"https:\/\/frauenarzt-rahlstedt.de\/sq\/wp-json\/wp\/v2\/types\/page"}],"author":[{"embeddable":true,"href":"https:\/\/frauenarzt-rahlstedt.de\/sq\/wp-json\/wp\/v2\/users\/1"}],"replies":[{"embeddable":true,"href":"https:\/\/frauenarzt-rahlstedt.de\/sq\/wp-json\/wp\/v2\/comments?post=8475"}],"version-history":[{"count":0,"href":"https:\/\/frauenarzt-rahlstedt.de\/sq\/wp-json\/wp\/v2\/pages\/8475\/revisions"}],"up":[{"embeddable":true,"href":"https:\/\/frauenarzt-rahlstedt.de\/sq\/wp-json\/wp\/v2\/pages\/8375"}],"wp:attachment":[{"href":"https:\/\/frauenarzt-rahlstedt.de\/sq\/wp-json\/wp\/v2\/media?parent=8475"}],"curies":[{"name":"wp","href":"https:\/\/api.w.org\/{rel}","templated":true}]}}