{"id":8455,"date":"2024-01-19T18:49:04","date_gmt":"2024-01-19T18:49:04","guid":{"rendered":""},"modified":"2024-01-26T18:30:56","modified_gmt":"2024-01-26T18:30:56","slug":"ekografia-e-tremujorit-ii-diagnostifikimi-i-keqformimeve-ne-hamburg-ekokardiografia-fetale-hamburg-neurosonografia-fetale-siguri-e-larte-fale-eksperteve-degum-ii-top","status":"publish","type":"page","link":"https:\/\/frauenarzt-rahlstedt.de\/sq\/praktike-per-diagnostikimin-prenatal-hamburg-gjinekolog-hamburg-praktike-gjinekologjike-mjekesia-prenatale-degum-ii-ekspert-top\/ekografia-e-tremujorit-ii-diagnostifikimi-i-keqformimeve-ne-hamburg-ekokardiografia-fetale-hamburg-neurosonografia-fetale-siguri-e-larte-fale-eksperteve-degum-ii-top\/","title":{"rendered":"Ekografia e tremujorit II | Diagnostifikimi i keqformimeve n\u00eb Hamburg | Ekokardiografia fetale Hamburg | Neurosonografia fetale | Siguri e lart\u00eb fal\u00eb ekspert\u00ebve DEGUM II TOP"},"content":{"rendered":"","protected":false},"excerpt":{"rendered":"","protected":false},"author":1,"featured_media":0,"parent":8375,"menu_order":0,"comment_status":"closed","ping_status":"closed","template":"","meta":{"footnotes":""},"class_list":["post-8455","page","type-page","status-publish","hentry"],"_links":{"self":[{"href":"https:\/\/frauenarzt-rahlstedt.de\/sq\/wp-json\/wp\/v2\/pages\/8455","targetHints":{"allow":["GET"]}}],"collection":[{"href":"https:\/\/frauenarzt-rahlstedt.de\/sq\/wp-json\/wp\/v2\/pages"}],"about":[{"href":"https:\/\/frauenarzt-rahlstedt.de\/sq\/wp-json\/wp\/v2\/types\/page"}],"author":[{"embeddable":true,"href":"https:\/\/frauenarzt-rahlstedt.de\/sq\/wp-json\/wp\/v2\/users\/1"}],"replies":[{"embeddable":true,"href":"https:\/\/frauenarzt-rahlstedt.de\/sq\/wp-json\/wp\/v2\/comments?post=8455"}],"version-history":[{"count":0,"href":"https:\/\/frauenarzt-rahlstedt.de\/sq\/wp-json\/wp\/v2\/pages\/8455\/revisions"}],"up":[{"embeddable":true,"href":"https:\/\/frauenarzt-rahlstedt.de\/sq\/wp-json\/wp\/v2\/pages\/8375"}],"wp:attachment":[{"href":"https:\/\/frauenarzt-rahlstedt.de\/sq\/wp-json\/wp\/v2\/media?parent=8455"}],"curies":[{"name":"wp","href":"https:\/\/api.w.org\/{rel}","templated":true}]}}