{"id":8388,"date":"2023-04-13T12:18:28","date_gmt":"2023-04-13T12:18:28","guid":{"rendered":""},"modified":"2023-04-13T12:18:28","modified_gmt":"2023-04-13T12:18:28","slug":"shtatzenia-me-rrezik-te-larte-hamburg-lindja-e-parakohshme-preeklampsi-binjaket-oxford-ctg-hamburg-analiza-e-dawes-dhe-redman-ekspert","status":"publish","type":"page","link":"https:\/\/frauenarzt-rahlstedt.de\/sq\/praktike-per-diagnostikimin-prenatal-hamburg-gjinekolog-hamburg-praktike-gjinekologjike-mjekesia-prenatale-degum-ii-ekspert-top\/shtatzenia-me-rrezik-te-larte-hamburg-lindja-e-parakohshme-preeklampsi-binjaket-oxford-ctg-hamburg-analiza-e-dawes-dhe-redman-ekspert\/","title":{"rendered":"Shtatz\u00ebnia me rrezik t\u00eb lart\u00eb Hamburg | Lindja e parakohshme | Preeklampsi | Binjak\u00ebt | Oxford CTG Hamburg | Analiza e Dawes dhe Redman | Ekspert"},"content":{"rendered":"","protected":false},"excerpt":{"rendered":"","protected":false},"author":1,"featured_media":0,"parent":8375,"menu_order":0,"comment_status":"closed","ping_status":"closed","template":"","meta":{"footnotes":""},"class_list":["post-8388","page","type-page","status-publish","hentry"],"_links":{"self":[{"href":"https:\/\/frauenarzt-rahlstedt.de\/sq\/wp-json\/wp\/v2\/pages\/8388","targetHints":{"allow":["GET"]}}],"collection":[{"href":"https:\/\/frauenarzt-rahlstedt.de\/sq\/wp-json\/wp\/v2\/pages"}],"about":[{"href":"https:\/\/frauenarzt-rahlstedt.de\/sq\/wp-json\/wp\/v2\/types\/page"}],"author":[{"embeddable":true,"href":"https:\/\/frauenarzt-rahlstedt.de\/sq\/wp-json\/wp\/v2\/users\/1"}],"replies":[{"embeddable":true,"href":"https:\/\/frauenarzt-rahlstedt.de\/sq\/wp-json\/wp\/v2\/comments?post=8388"}],"version-history":[{"count":0,"href":"https:\/\/frauenarzt-rahlstedt.de\/sq\/wp-json\/wp\/v2\/pages\/8388\/revisions"}],"up":[{"embeddable":true,"href":"https:\/\/frauenarzt-rahlstedt.de\/sq\/wp-json\/wp\/v2\/pages\/8375"}],"wp:attachment":[{"href":"https:\/\/frauenarzt-rahlstedt.de\/sq\/wp-json\/wp\/v2\/media?parent=8388"}],"curies":[{"name":"wp","href":"https:\/\/api.w.org\/{rel}","templated":true}]}}