{"id":8387,"date":"2021-12-31T10:14:27","date_gmt":"2021-12-31T10:14:27","guid":{"rendered":""},"modified":"2021-12-31T10:14:27","modified_gmt":"2021-12-31T10:14:27","slug":"opinioni-i-dyte-diagnostifikimi-prenatal-hamburg-keqformime-fetale-hamburg-pamjaftueshmeria-e-placentes-diagnostifikimi-gjenetik-amniocenteza-hamburg-ekspert","status":"publish","type":"page","link":"https:\/\/frauenarzt-rahlstedt.de\/sq\/praktike-per-diagnostikimin-prenatal-hamburg-gjinekolog-hamburg-praktike-gjinekologjike-mjekesia-prenatale-degum-ii-ekspert-top\/opinioni-i-dyte-diagnostifikimi-prenatal-hamburg-keqformime-fetale-hamburg-pamjaftueshmeria-e-placentes-diagnostifikimi-gjenetik-amniocenteza-hamburg-ekspert\/","title":{"rendered":"Opinioni i dyt\u00eb Diagnostifikimi prenatal Hamburg | Keqformime fetale Hamburg | Pamjaftueshm\u00ebria e placent\u00ebs | Diagnostifikimi gjenetik | Amniocenteza Hamburg | Ekspert"},"content":{"rendered":"","protected":false},"excerpt":{"rendered":"","protected":false},"author":1,"featured_media":0,"parent":8375,"menu_order":0,"comment_status":"closed","ping_status":"closed","template":"","meta":{"footnotes":""},"class_list":["post-8387","page","type-page","status-publish","hentry"],"_links":{"self":[{"href":"https:\/\/frauenarzt-rahlstedt.de\/sq\/wp-json\/wp\/v2\/pages\/8387","targetHints":{"allow":["GET"]}}],"collection":[{"href":"https:\/\/frauenarzt-rahlstedt.de\/sq\/wp-json\/wp\/v2\/pages"}],"about":[{"href":"https:\/\/frauenarzt-rahlstedt.de\/sq\/wp-json\/wp\/v2\/types\/page"}],"author":[{"embeddable":true,"href":"https:\/\/frauenarzt-rahlstedt.de\/sq\/wp-json\/wp\/v2\/users\/1"}],"replies":[{"embeddable":true,"href":"https:\/\/frauenarzt-rahlstedt.de\/sq\/wp-json\/wp\/v2\/comments?post=8387"}],"version-history":[{"count":0,"href":"https:\/\/frauenarzt-rahlstedt.de\/sq\/wp-json\/wp\/v2\/pages\/8387\/revisions"}],"up":[{"embeddable":true,"href":"https:\/\/frauenarzt-rahlstedt.de\/sq\/wp-json\/wp\/v2\/pages\/8375"}],"wp:attachment":[{"href":"https:\/\/frauenarzt-rahlstedt.de\/sq\/wp-json\/wp\/v2\/media?parent=8387"}],"curies":[{"name":"wp","href":"https:\/\/api.w.org\/{rel}","templated":true}]}}