{"id":11361,"date":"2025-07-09T07:21:40","date_gmt":"2025-07-09T07:21:40","guid":{"rendered":"https:\/\/frauenarzt-rahlstedt.de\/?page_id=11361"},"modified":"2025-07-09T07:21:42","modified_gmt":"2025-07-09T07:21:42","slug":"kerkohen-kursante-te-mpj-se-si-te-beheni-nje-asistent-mjekesor-2","status":"publish","type":"page","link":"https:\/\/frauenarzt-rahlstedt.de\/sq\/praktike-per-diagnostikimin-prenatal-hamburg-gjinekolog-hamburg-praktike-gjinekologjike-mjekesia-prenatale-degum-ii-ekspert-top\/kerkohen-kursante-te-mpj-se-si-te-beheni-nje-asistent-mjekesor-2\/","title":{"rendered":"K\u00ebrkohen kursant\u00eb t\u00eb MPJ-s\u00eb | Si t\u00eb b\u00ebheni nj\u00eb asistent mjek\u00ebsor"},"content":{"rendered":"","protected":false},"excerpt":{"rendered":"","protected":false},"author":1,"featured_media":0,"parent":8375,"menu_order":0,"comment_status":"closed","ping_status":"closed","template":"","meta":{"footnotes":""},"class_list":["post-11361","page","type-page","status-publish","hentry"],"_links":{"self":[{"href":"https:\/\/frauenarzt-rahlstedt.de\/sq\/wp-json\/wp\/v2\/pages\/11361","targetHints":{"allow":["GET"]}}],"collection":[{"href":"https:\/\/frauenarzt-rahlstedt.de\/sq\/wp-json\/wp\/v2\/pages"}],"about":[{"href":"https:\/\/frauenarzt-rahlstedt.de\/sq\/wp-json\/wp\/v2\/types\/page"}],"author":[{"embeddable":true,"href":"https:\/\/frauenarzt-rahlstedt.de\/sq\/wp-json\/wp\/v2\/users\/1"}],"replies":[{"embeddable":true,"href":"https:\/\/frauenarzt-rahlstedt.de\/sq\/wp-json\/wp\/v2\/comments?post=11361"}],"version-history":[{"count":1,"href":"https:\/\/frauenarzt-rahlstedt.de\/sq\/wp-json\/wp\/v2\/pages\/11361\/revisions"}],"predecessor-version":[{"id":11372,"href":"https:\/\/frauenarzt-rahlstedt.de\/sq\/wp-json\/wp\/v2\/pages\/11361\/revisions\/11372"}],"up":[{"embeddable":true,"href":"https:\/\/frauenarzt-rahlstedt.de\/sq\/wp-json\/wp\/v2\/pages\/8375"}],"wp:attachment":[{"href":"https:\/\/frauenarzt-rahlstedt.de\/sq\/wp-json\/wp\/v2\/media?parent=11361"}],"curies":[{"name":"wp","href":"https:\/\/api.w.org\/{rel}","templated":true}]}}