{"id":11137,"date":"2024-11-14T08:50:44","date_gmt":"2024-11-14T08:50:44","guid":{"rendered":"https:\/\/frauenarzt-rahlstedt.de\/regjistrimi-per-anetaret\/"},"modified":"2024-11-14T08:50:44","modified_gmt":"2024-11-14T08:50:44","slug":"regjistrimi-per-anetaret","status":"publish","type":"page","link":"https:\/\/frauenarzt-rahlstedt.de\/sq\/regjistrimi-per-anetaret\/","title":{"rendered":"Regjistrimi p\u00ebr an\u00ebtar\u00ebt"},"content":{"rendered":"<p>[swpm_login_form]<\/p>\n","protected":false},"excerpt":{"rendered":"<p>[swpm_login_form]<\/p>\n","protected":false},"author":1,"featured_media":0,"parent":0,"menu_order":0,"comment_status":"closed","ping_status":"closed","template":"","meta":{"footnotes":""},"class_list":["post-11137","page","type-page","status-publish","hentry"],"_links":{"self":[{"href":"https:\/\/frauenarzt-rahlstedt.de\/sq\/wp-json\/wp\/v2\/pages\/11137","targetHints":{"allow":["GET"]}}],"collection":[{"href":"https:\/\/frauenarzt-rahlstedt.de\/sq\/wp-json\/wp\/v2\/pages"}],"about":[{"href":"https:\/\/frauenarzt-rahlstedt.de\/sq\/wp-json\/wp\/v2\/types\/page"}],"author":[{"embeddable":true,"href":"https:\/\/frauenarzt-rahlstedt.de\/sq\/wp-json\/wp\/v2\/users\/1"}],"replies":[{"embeddable":true,"href":"https:\/\/frauenarzt-rahlstedt.de\/sq\/wp-json\/wp\/v2\/comments?post=11137"}],"version-history":[{"count":0,"href":"https:\/\/frauenarzt-rahlstedt.de\/sq\/wp-json\/wp\/v2\/pages\/11137\/revisions"}],"wp:attachment":[{"href":"https:\/\/frauenarzt-rahlstedt.de\/sq\/wp-json\/wp\/v2\/media?parent=11137"}],"curies":[{"name":"wp","href":"https:\/\/api.w.org\/{rel}","templated":true}]}}