{"id":10994,"date":"2024-07-06T19:34:32","date_gmt":"2024-07-06T19:34:32","guid":{"rendered":"https:\/\/frauenarzt-rahlstedt.de\/?page_id=10994"},"modified":"2024-10-20T12:09:10","modified_gmt":"2024-10-20T12:09:10","slug":"mpj-kerkohet-pozicioni-mjek-specialist-me-kohe-te-plote-2","status":"publish","type":"page","link":"https:\/\/frauenarzt-rahlstedt.de\/sq\/praktike-per-diagnostikimin-prenatal-hamburg-gjinekolog-hamburg-praktike-gjinekologjike-mjekesia-prenatale-degum-ii-ekspert-top\/mpj-kerkohet-pozicioni-mjek-specialist-me-kohe-te-plote-2\/","title":{"rendered":"Specialist n\u00eb gjinekologji dhe obstetrik\u00eb (f\/m\/d) K\u00ebrkoj nj\u00eb pozicion me koh\u00eb t\u00eb plot\u00eb\/pjesshme n\u00eb ordinanc\u00ebn n\u00eb Hamburg"},"content":{"rendered":"","protected":false},"excerpt":{"rendered":"","protected":false},"author":1,"featured_media":0,"parent":8375,"menu_order":0,"comment_status":"closed","ping_status":"closed","template":"","meta":{"footnotes":""},"class_list":["post-10994","page","type-page","status-publish","hentry"],"_links":{"self":[{"href":"https:\/\/frauenarzt-rahlstedt.de\/sq\/wp-json\/wp\/v2\/pages\/10994","targetHints":{"allow":["GET"]}}],"collection":[{"href":"https:\/\/frauenarzt-rahlstedt.de\/sq\/wp-json\/wp\/v2\/pages"}],"about":[{"href":"https:\/\/frauenarzt-rahlstedt.de\/sq\/wp-json\/wp\/v2\/types\/page"}],"author":[{"embeddable":true,"href":"https:\/\/frauenarzt-rahlstedt.de\/sq\/wp-json\/wp\/v2\/users\/1"}],"replies":[{"embeddable":true,"href":"https:\/\/frauenarzt-rahlstedt.de\/sq\/wp-json\/wp\/v2\/comments?post=10994"}],"version-history":[{"count":0,"href":"https:\/\/frauenarzt-rahlstedt.de\/sq\/wp-json\/wp\/v2\/pages\/10994\/revisions"}],"up":[{"embeddable":true,"href":"https:\/\/frauenarzt-rahlstedt.de\/sq\/wp-json\/wp\/v2\/pages\/8375"}],"wp:attachment":[{"href":"https:\/\/frauenarzt-rahlstedt.de\/sq\/wp-json\/wp\/v2\/media?parent=10994"}],"curies":[{"name":"wp","href":"https:\/\/api.w.org\/{rel}","templated":true}]}}