{"id":10862,"date":"2024-06-16T14:29:51","date_gmt":"2024-06-16T14:29:51","guid":{"rendered":"https:\/\/frauenarzt-rahlstedt.de\/?page_id=10862"},"modified":"2024-06-17T07:40:21","modified_gmt":"2024-06-17T07:40:21","slug":"shtatzenia-hamburg-kujdesi-per-shtatzenine-parandalimi-i-lindjes-se-parakohshme-hamburg-mjekesi-prenatale-hamburg-ekspert","status":"publish","type":"page","link":"https:\/\/frauenarzt-rahlstedt.de\/sq\/praktike-per-diagnostikimin-prenatal-hamburg-gjinekolog-hamburg-praktike-gjinekologjike-mjekesia-prenatale-degum-ii-ekspert-top\/shtatzenia-hamburg-kujdesi-per-shtatzenine-parandalimi-i-lindjes-se-parakohshme-hamburg-mjekesi-prenatale-hamburg-ekspert\/","title":{"rendered":"Leht\u00ebsoni simptomat e shtatz\u00ebnis\u00eb pa mjekim | Dhimbja e shpin\u00ebs shtatz\u00ebnia | Nauze gjat\u00eb shtatz\u00ebnis\u00eb | Dhimbje barku shtatz\u00ebnia"},"content":{"rendered":"","protected":false},"excerpt":{"rendered":"","protected":false},"author":1,"featured_media":0,"parent":8375,"menu_order":0,"comment_status":"closed","ping_status":"closed","template":"","meta":{"footnotes":""},"class_list":["post-10862","page","type-page","status-publish","hentry"],"_links":{"self":[{"href":"https:\/\/frauenarzt-rahlstedt.de\/sq\/wp-json\/wp\/v2\/pages\/10862","targetHints":{"allow":["GET"]}}],"collection":[{"href":"https:\/\/frauenarzt-rahlstedt.de\/sq\/wp-json\/wp\/v2\/pages"}],"about":[{"href":"https:\/\/frauenarzt-rahlstedt.de\/sq\/wp-json\/wp\/v2\/types\/page"}],"author":[{"embeddable":true,"href":"https:\/\/frauenarzt-rahlstedt.de\/sq\/wp-json\/wp\/v2\/users\/1"}],"replies":[{"embeddable":true,"href":"https:\/\/frauenarzt-rahlstedt.de\/sq\/wp-json\/wp\/v2\/comments?post=10862"}],"version-history":[{"count":0,"href":"https:\/\/frauenarzt-rahlstedt.de\/sq\/wp-json\/wp\/v2\/pages\/10862\/revisions"}],"up":[{"embeddable":true,"href":"https:\/\/frauenarzt-rahlstedt.de\/sq\/wp-json\/wp\/v2\/pages\/8375"}],"wp:attachment":[{"href":"https:\/\/frauenarzt-rahlstedt.de\/sq\/wp-json\/wp\/v2\/media?parent=10862"}],"curies":[{"name":"wp","href":"https:\/\/api.w.org\/{rel}","templated":true}]}}