{"id":8579,"date":"2021-12-29T16:20:48","date_gmt":"2021-12-29T16:20:48","guid":{"rendered":""},"modified":"2024-01-26T18:57:08","modified_gmt":"2024-01-26T18:57:08","slug":"prosze-skontaktowac-sie-z-ginekologiem-w-hamburgu-diagnostyka-prenatalna-hamburg-eksperci-w-rahlstedt","status":"publish","type":"page","link":"https:\/\/frauenarzt-rahlstedt.de\/pl\/praktyka-diagnostyki-prenatalnej-hamburg-ginekolog-hamburg-praktyka-ginekologiczna-medycyna-prenatalna-degum-ii-expert-top\/prosze-skontaktowac-sie-z-ginekologiem-w-hamburgu-diagnostyka-prenatalna-hamburg-eksperci-w-rahlstedt\/","title":{"rendered":"Kontakt z ginekologiem w Hamburgu | Szukaj\u0105 Pa\u0144stwo ginekologa w pobli\u017cu? | Eksperci w Rahlstedt"},"content":{"rendered":"","protected":false},"excerpt":{"rendered":"","protected":false},"author":1,"featured_media":0,"parent":8366,"menu_order":0,"comment_status":"closed","ping_status":"closed","template":"","meta":{"footnotes":""},"class_list":["post-8579","page","type-page","status-publish","hentry"],"_links":{"self":[{"href":"https:\/\/frauenarzt-rahlstedt.de\/pl\/wp-json\/wp\/v2\/pages\/8579","targetHints":{"allow":["GET"]}}],"collection":[{"href":"https:\/\/frauenarzt-rahlstedt.de\/pl\/wp-json\/wp\/v2\/pages"}],"about":[{"href":"https:\/\/frauenarzt-rahlstedt.de\/pl\/wp-json\/wp\/v2\/types\/page"}],"author":[{"embeddable":true,"href":"https:\/\/frauenarzt-rahlstedt.de\/pl\/wp-json\/wp\/v2\/users\/1"}],"replies":[{"embeddable":true,"href":"https:\/\/frauenarzt-rahlstedt.de\/pl\/wp-json\/wp\/v2\/comments?post=8579"}],"version-history":[{"count":0,"href":"https:\/\/frauenarzt-rahlstedt.de\/pl\/wp-json\/wp\/v2\/pages\/8579\/revisions"}],"up":[{"embeddable":true,"href":"https:\/\/frauenarzt-rahlstedt.de\/pl\/wp-json\/wp\/v2\/pages\/8366"}],"wp:attachment":[{"href":"https:\/\/frauenarzt-rahlstedt.de\/pl\/wp-json\/wp\/v2\/media?parent=8579"}],"curies":[{"name":"wp","href":"https:\/\/api.w.org\/{rel}","templated":true}]}}