{"id":8549,"date":"2021-12-27T16:08:10","date_gmt":"2021-12-27T16:08:10","guid":{"rendered":""},"modified":"2024-01-26T19:11:40","modified_gmt":"2024-01-26T19:11:40","slug":"ciaza-hamburg-ciaza-wysokiego-ryzyka-hamburg-zapobieganie-przedwczesnemu-porodowi-hamburg-medycyna-prenatalna-hamburg-ekspert","status":"publish","type":"page","link":"https:\/\/frauenarzt-rahlstedt.de\/pl\/praktyka-diagnostyki-prenatalnej-hamburg-ginekolog-hamburg-praktyka-ginekologiczna-medycyna-prenatalna-degum-ii-expert-top\/ciaza-hamburg-ciaza-wysokiego-ryzyka-hamburg-zapobieganie-przedwczesnemu-porodowi-hamburg-medycyna-prenatalna-hamburg-ekspert\/","title":{"rendered":"Ci\u0105\u017ca Hamburg | Opieka nad ci\u0105\u017c\u0105 | Zapobieganie przedwczesnym porodom Hamburg | Medycyna prenatalna Hamburg | Ekspert"},"content":{"rendered":"","protected":false},"excerpt":{"rendered":"","protected":false},"author":1,"featured_media":0,"parent":8366,"menu_order":0,"comment_status":"closed","ping_status":"closed","template":"","meta":{"footnotes":""},"class_list":["post-8549","page","type-page","status-publish","hentry"],"_links":{"self":[{"href":"https:\/\/frauenarzt-rahlstedt.de\/pl\/wp-json\/wp\/v2\/pages\/8549","targetHints":{"allow":["GET"]}}],"collection":[{"href":"https:\/\/frauenarzt-rahlstedt.de\/pl\/wp-json\/wp\/v2\/pages"}],"about":[{"href":"https:\/\/frauenarzt-rahlstedt.de\/pl\/wp-json\/wp\/v2\/types\/page"}],"author":[{"embeddable":true,"href":"https:\/\/frauenarzt-rahlstedt.de\/pl\/wp-json\/wp\/v2\/users\/1"}],"replies":[{"embeddable":true,"href":"https:\/\/frauenarzt-rahlstedt.de\/pl\/wp-json\/wp\/v2\/comments?post=8549"}],"version-history":[{"count":0,"href":"https:\/\/frauenarzt-rahlstedt.de\/pl\/wp-json\/wp\/v2\/pages\/8549\/revisions"}],"up":[{"embeddable":true,"href":"https:\/\/frauenarzt-rahlstedt.de\/pl\/wp-json\/wp\/v2\/pages\/8366"}],"wp:attachment":[{"href":"https:\/\/frauenarzt-rahlstedt.de\/pl\/wp-json\/wp\/v2\/media?parent=8549"}],"curies":[{"name":"wp","href":"https:\/\/api.w.org\/{rel}","templated":true}]}}