{"id":8544,"date":"2021-12-25T12:10:52","date_gmt":"2021-12-25T12:10:52","guid":{"rendered":""},"modified":"2024-04-11T12:46:30","modified_gmt":"2024-04-11T12:46:30","slug":"badania-przesiewowe-w-pierwszym-trymestrze-ciazy-w-hamburgu-badania-przesiewowe-w-pierwszym-trymestrze-ciazy-nipt-pomiar-przeziernosci-karku-badanie-kosci-nosa-badania-przesiewowe-w-stanie-p","status":"publish","type":"page","link":"https:\/\/frauenarzt-rahlstedt.de\/pl\/praktyka-diagnostyki-prenatalnej-hamburg-ginekolog-hamburg-praktyka-ginekologiczna-medycyna-prenatalna-degum-ii-expert-top\/badania-przesiewowe-w-pierwszym-trymestrze-ciazy-w-hamburgu-badania-przesiewowe-w-pierwszym-trymestrze-ciazy-nipt-pomiar-przeziernosci-karku-badanie-kosci-nosa-badania-przesiewowe-w-stanie-p\/","title":{"rendered":"Badania przesiewowe w pierwszym trymestrze ci\u0105\u017cy w Hamburgu | Badania przesiewowe w pierwszym trymestrze ci\u0105\u017cy | NIPT | Pomiar przezierno\u015bci karku | Badanie ko\u015bci nosa | Badania przesiewowe w stanie przedrzucawkowym | Bardzo precyzyjna diagnostyka prenatalna w przyjemnej atmosferze TOP ekspertyza"},"content":{"rendered":"","protected":false},"excerpt":{"rendered":"","protected":false},"author":1,"featured_media":0,"parent":8366,"menu_order":0,"comment_status":"closed","ping_status":"closed","template":"","meta":{"footnotes":""},"class_list":["post-8544","page","type-page","status-publish","hentry"],"_links":{"self":[{"href":"https:\/\/frauenarzt-rahlstedt.de\/pl\/wp-json\/wp\/v2\/pages\/8544","targetHints":{"allow":["GET"]}}],"collection":[{"href":"https:\/\/frauenarzt-rahlstedt.de\/pl\/wp-json\/wp\/v2\/pages"}],"about":[{"href":"https:\/\/frauenarzt-rahlstedt.de\/pl\/wp-json\/wp\/v2\/types\/page"}],"author":[{"embeddable":true,"href":"https:\/\/frauenarzt-rahlstedt.de\/pl\/wp-json\/wp\/v2\/users\/1"}],"replies":[{"embeddable":true,"href":"https:\/\/frauenarzt-rahlstedt.de\/pl\/wp-json\/wp\/v2\/comments?post=8544"}],"version-history":[{"count":0,"href":"https:\/\/frauenarzt-rahlstedt.de\/pl\/wp-json\/wp\/v2\/pages\/8544\/revisions"}],"up":[{"embeddable":true,"href":"https:\/\/frauenarzt-rahlstedt.de\/pl\/wp-json\/wp\/v2\/pages\/8366"}],"wp:attachment":[{"href":"https:\/\/frauenarzt-rahlstedt.de\/pl\/wp-json\/wp\/v2\/media?parent=8544"}],"curies":[{"name":"wp","href":"https:\/\/api.w.org\/{rel}","templated":true}]}}