{"id":8531,"date":"2021-12-27T10:51:13","date_gmt":"2021-12-27T10:51:13","guid":{"rendered":"https:\/\/frauenarzt-rahlstedt.de\/newsletter-degum-ii-hamburg-wiadomosci-z-ginekologii-w-hamburgu-rahlstedt-ekspert\/"},"modified":"2024-01-23T17:53:28","modified_gmt":"2024-01-23T17:53:28","slug":"newsletter-degum-ii-hamburg-wiadomosci-z-ginekologii-w-hamburgu-rahlstedt-ekspert","status":"publish","type":"page","link":"https:\/\/frauenarzt-rahlstedt.de\/pl\/newsletter-degum-ii-hamburg-wiadomosci-z-ginekologii-w-hamburgu-rahlstedt-ekspert\/","title":{"rendered":"Newsletter | DEGUM II Hamburg | Wiadomo\u015bci z Ginekologii w Hamburgu Rahlstedt | Ekspert"},"content":{"rendered":"<p>[newsletter]<\/p>\n\n<p>Czekamy na Ciebie w naszym gabinecie ginekologii i diagnostyki prenatalnej w Hamburgu Rahlstedt.<\/p>\n\n<p>B\u0105d\u017a na bie\u017c\u0105co z naszym newsletterem.<\/p>\n","protected":false},"excerpt":{"rendered":"<p>[newsletter] Czekamy na Ciebie w naszym gabinecie ginekologii i diagnostyki prenatalnej w Hamburgu Rahlstedt. B\u0105d\u017a na bie\u017c\u0105co z naszym newsletterem.<\/p>\n","protected":false},"author":1,"featured_media":0,"parent":0,"menu_order":0,"comment_status":"closed","ping_status":"closed","template":"","meta":{"footnotes":""},"class_list":["post-8531","page","type-page","status-publish","hentry"],"_links":{"self":[{"href":"https:\/\/frauenarzt-rahlstedt.de\/pl\/wp-json\/wp\/v2\/pages\/8531","targetHints":{"allow":["GET"]}}],"collection":[{"href":"https:\/\/frauenarzt-rahlstedt.de\/pl\/wp-json\/wp\/v2\/pages"}],"about":[{"href":"https:\/\/frauenarzt-rahlstedt.de\/pl\/wp-json\/wp\/v2\/types\/page"}],"author":[{"embeddable":true,"href":"https:\/\/frauenarzt-rahlstedt.de\/pl\/wp-json\/wp\/v2\/users\/1"}],"replies":[{"embeddable":true,"href":"https:\/\/frauenarzt-rahlstedt.de\/pl\/wp-json\/wp\/v2\/comments?post=8531"}],"version-history":[{"count":0,"href":"https:\/\/frauenarzt-rahlstedt.de\/pl\/wp-json\/wp\/v2\/pages\/8531\/revisions"}],"wp:attachment":[{"href":"https:\/\/frauenarzt-rahlstedt.de\/pl\/wp-json\/wp\/v2\/media?parent=8531"}],"curies":[{"name":"wp","href":"https:\/\/api.w.org\/{rel}","templated":true}]}}