{"id":8484,"date":"2024-01-19T19:52:20","date_gmt":"2024-01-19T19:52:20","guid":{"rendered":""},"modified":"2024-01-26T19:11:33","modified_gmt":"2024-01-26T19:11:33","slug":"diagnostyka-prenatalna-w-hamburgu-diagnostyka-precyzyjna-badania-przesiewowe-w-pierwszym-trymestrze-ciazy-w-hamburgu-badania-przesiewowe-w-pierwszym-trymestrze-ciazy-nipt-w-hamburgu-amniopun","status":"publish","type":"page","link":"https:\/\/frauenarzt-rahlstedt.de\/pl\/praktyka-diagnostyki-prenatalnej-hamburg-ginekolog-hamburg-praktyka-ginekologiczna-medycyna-prenatalna-degum-ii-expert-top\/diagnostyka-prenatalna-w-hamburgu-diagnostyka-precyzyjna-badania-przesiewowe-w-pierwszym-trymestrze-ciazy-w-hamburgu-badania-przesiewowe-w-pierwszym-trymestrze-ciazy-nipt-w-hamburgu-amniopun\/","title":{"rendered":"Diagnostyka prenatalna w Hamburgu | Diagnostyka precyzyjna | Badania przesiewowe w pierwszym trymestrze ci\u0105\u017cy w Hamburgu | Badania przesiewowe w pierwszym trymestrze ci\u0105\u017cy | NIPT w Hamburgu | Amniopunkcja | Pobieranie pr\u00f3bek kosmk\u00f3w p\u0142odowych | Echokardiografia p\u0142odu w Hamburgu | Bardzo mi\u0142a atmosfera i TOP eksperci"},"content":{"rendered":"","protected":false},"excerpt":{"rendered":"","protected":false},"author":1,"featured_media":0,"parent":8366,"menu_order":0,"comment_status":"closed","ping_status":"closed","template":"","meta":{"footnotes":""},"class_list":["post-8484","page","type-page","status-publish","hentry"],"_links":{"self":[{"href":"https:\/\/frauenarzt-rahlstedt.de\/pl\/wp-json\/wp\/v2\/pages\/8484","targetHints":{"allow":["GET"]}}],"collection":[{"href":"https:\/\/frauenarzt-rahlstedt.de\/pl\/wp-json\/wp\/v2\/pages"}],"about":[{"href":"https:\/\/frauenarzt-rahlstedt.de\/pl\/wp-json\/wp\/v2\/types\/page"}],"author":[{"embeddable":true,"href":"https:\/\/frauenarzt-rahlstedt.de\/pl\/wp-json\/wp\/v2\/users\/1"}],"replies":[{"embeddable":true,"href":"https:\/\/frauenarzt-rahlstedt.de\/pl\/wp-json\/wp\/v2\/comments?post=8484"}],"version-history":[{"count":0,"href":"https:\/\/frauenarzt-rahlstedt.de\/pl\/wp-json\/wp\/v2\/pages\/8484\/revisions"}],"up":[{"embeddable":true,"href":"https:\/\/frauenarzt-rahlstedt.de\/pl\/wp-json\/wp\/v2\/pages\/8366"}],"wp:attachment":[{"href":"https:\/\/frauenarzt-rahlstedt.de\/pl\/wp-json\/wp\/v2\/media?parent=8484"}],"curies":[{"name":"wp","href":"https:\/\/api.w.org\/{rel}","templated":true}]}}