{"id":8477,"date":"2024-01-19T19:01:09","date_gmt":"2024-01-19T19:01:09","guid":{"rendered":""},"modified":"2024-12-01T19:16:17","modified_gmt":"2024-12-01T19:16:17","slug":"inwazyjna-diagnostyka-prenatalna-amniopunkcja-pobranie-kosmowki-w-hamburgu-aspiracja-cienkoiglowa-w-czasie-ciazy-bardzo-wysoki-poziom-doswiadczenia-dzieki-top-ekspertom","status":"publish","type":"page","link":"https:\/\/frauenarzt-rahlstedt.de\/pl\/praktyka-diagnostyki-prenatalnej-hamburg-ginekolog-hamburg-praktyka-ginekologiczna-medycyna-prenatalna-degum-ii-expert-top\/inwazyjna-diagnostyka-prenatalna-amniopunkcja-pobranie-kosmowki-w-hamburgu-aspiracja-cienkoiglowa-w-czasie-ciazy-bardzo-wysoki-poziom-doswiadczenia-dzieki-top-ekspertom\/","title":{"rendered":"Inwazyjna diagnostyka prenatalna | amniopunkcja, pobieranie pr\u00f3bek kosm\u00f3wki w Hamburgu | aspiracja cienkoig\u0142owa w czasie ci\u0105\u017cy | poradnictwo genetyczne dla ludzi"},"content":{"rendered":"","protected":false},"excerpt":{"rendered":"","protected":false},"author":1,"featured_media":0,"parent":8366,"menu_order":0,"comment_status":"closed","ping_status":"closed","template":"","meta":{"footnotes":""},"class_list":["post-8477","page","type-page","status-publish","hentry"],"_links":{"self":[{"href":"https:\/\/frauenarzt-rahlstedt.de\/pl\/wp-json\/wp\/v2\/pages\/8477","targetHints":{"allow":["GET"]}}],"collection":[{"href":"https:\/\/frauenarzt-rahlstedt.de\/pl\/wp-json\/wp\/v2\/pages"}],"about":[{"href":"https:\/\/frauenarzt-rahlstedt.de\/pl\/wp-json\/wp\/v2\/types\/page"}],"author":[{"embeddable":true,"href":"https:\/\/frauenarzt-rahlstedt.de\/pl\/wp-json\/wp\/v2\/users\/1"}],"replies":[{"embeddable":true,"href":"https:\/\/frauenarzt-rahlstedt.de\/pl\/wp-json\/wp\/v2\/comments?post=8477"}],"version-history":[{"count":0,"href":"https:\/\/frauenarzt-rahlstedt.de\/pl\/wp-json\/wp\/v2\/pages\/8477\/revisions"}],"up":[{"embeddable":true,"href":"https:\/\/frauenarzt-rahlstedt.de\/pl\/wp-json\/wp\/v2\/pages\/8366"}],"wp:attachment":[{"href":"https:\/\/frauenarzt-rahlstedt.de\/pl\/wp-json\/wp\/v2\/media?parent=8477"}],"curies":[{"name":"wp","href":"https:\/\/api.w.org\/{rel}","templated":true}]}}