{"id":8458,"date":"2024-01-19T18:56:35","date_gmt":"2024-01-19T18:56:35","guid":{"rendered":""},"modified":"2024-01-26T18:49:51","modified_gmt":"2024-01-26T18:49:51","slug":"badania-przesiewowe-w-iii-trymestrze-ciazy-badanie-dopplerowskie-w-ciazy-echokardiografia-plodu-hamburg-ciaza-wysokiego-ryzyka-maksymalne-bezpieczenstwo-opieki-niewydolnosc-lozyska-stan-pr","status":"publish","type":"page","link":"https:\/\/frauenarzt-rahlstedt.de\/pl\/praktyka-diagnostyki-prenatalnej-hamburg-ginekolog-hamburg-praktyka-ginekologiczna-medycyna-prenatalna-degum-ii-expert-top\/badania-przesiewowe-w-iii-trymestrze-ciazy-badanie-dopplerowskie-w-ciazy-echokardiografia-plodu-hamburg-ciaza-wysokiego-ryzyka-maksymalne-bezpieczenstwo-opieki-niewydolnosc-lozyska-stan-pr\/","title":{"rendered":"Badania przesiewowe w III trymestrze ci\u0105\u017cy | Badanie dopplerowskie w ci\u0105\u017cy | Echokardiografia p\u0142odu Hamburg | Ci\u0105\u017ca wysokiego ryzyka | Maksymalne bezpiecze\u0144stwo opieki | Niewydolno\u015b\u0107 \u0142o\u017cyska | Stan przedrzucawkowy | Gemini"},"content":{"rendered":"","protected":false},"excerpt":{"rendered":"","protected":false},"author":1,"featured_media":0,"parent":8366,"menu_order":0,"comment_status":"closed","ping_status":"closed","template":"","meta":{"footnotes":""},"class_list":["post-8458","page","type-page","status-publish","hentry"],"_links":{"self":[{"href":"https:\/\/frauenarzt-rahlstedt.de\/pl\/wp-json\/wp\/v2\/pages\/8458","targetHints":{"allow":["GET"]}}],"collection":[{"href":"https:\/\/frauenarzt-rahlstedt.de\/pl\/wp-json\/wp\/v2\/pages"}],"about":[{"href":"https:\/\/frauenarzt-rahlstedt.de\/pl\/wp-json\/wp\/v2\/types\/page"}],"author":[{"embeddable":true,"href":"https:\/\/frauenarzt-rahlstedt.de\/pl\/wp-json\/wp\/v2\/users\/1"}],"replies":[{"embeddable":true,"href":"https:\/\/frauenarzt-rahlstedt.de\/pl\/wp-json\/wp\/v2\/comments?post=8458"}],"version-history":[{"count":0,"href":"https:\/\/frauenarzt-rahlstedt.de\/pl\/wp-json\/wp\/v2\/pages\/8458\/revisions"}],"up":[{"embeddable":true,"href":"https:\/\/frauenarzt-rahlstedt.de\/pl\/wp-json\/wp\/v2\/pages\/8366"}],"wp:attachment":[{"href":"https:\/\/frauenarzt-rahlstedt.de\/pl\/wp-json\/wp\/v2\/media?parent=8458"}],"curies":[{"name":"wp","href":"https:\/\/api.w.org\/{rel}","templated":true}]}}