{"id":8440,"date":"2024-01-19T18:49:04","date_gmt":"2024-01-19T18:49:04","guid":{"rendered":""},"modified":"2024-01-26T18:44:21","modified_gmt":"2024-01-26T18:44:21","slug":"usg-ii-trymestru-diagnostyka-wad-rozwojowych-w-hamburgu-echokardiografia-plodu-hamburg-neurosonografia-plodu-wysoki-poziom-bezpieczenstwa-dzieki-ekspertom-degum-ii-top","status":"publish","type":"page","link":"https:\/\/frauenarzt-rahlstedt.de\/pl\/praktyka-diagnostyki-prenatalnej-hamburg-ginekolog-hamburg-praktyka-ginekologiczna-medycyna-prenatalna-degum-ii-expert-top\/usg-ii-trymestru-diagnostyka-wad-rozwojowych-w-hamburgu-echokardiografia-plodu-hamburg-neurosonografia-plodu-wysoki-poziom-bezpieczenstwa-dzieki-ekspertom-degum-ii-top\/","title":{"rendered":"USG II trymestru | diagnostyka wad rozwojowych w Hamburgu | echokardiografia p\u0142odu Hamburg | neurosonografia p\u0142odu | wysoki poziom bezpiecze\u0144stwa dzi\u0119ki ekspertom DEGUM II TOP"},"content":{"rendered":"","protected":false},"excerpt":{"rendered":"","protected":false},"author":1,"featured_media":0,"parent":8366,"menu_order":0,"comment_status":"closed","ping_status":"closed","template":"","meta":{"footnotes":""},"class_list":["post-8440","page","type-page","status-publish","hentry"],"_links":{"self":[{"href":"https:\/\/frauenarzt-rahlstedt.de\/pl\/wp-json\/wp\/v2\/pages\/8440","targetHints":{"allow":["GET"]}}],"collection":[{"href":"https:\/\/frauenarzt-rahlstedt.de\/pl\/wp-json\/wp\/v2\/pages"}],"about":[{"href":"https:\/\/frauenarzt-rahlstedt.de\/pl\/wp-json\/wp\/v2\/types\/page"}],"author":[{"embeddable":true,"href":"https:\/\/frauenarzt-rahlstedt.de\/pl\/wp-json\/wp\/v2\/users\/1"}],"replies":[{"embeddable":true,"href":"https:\/\/frauenarzt-rahlstedt.de\/pl\/wp-json\/wp\/v2\/comments?post=8440"}],"version-history":[{"count":0,"href":"https:\/\/frauenarzt-rahlstedt.de\/pl\/wp-json\/wp\/v2\/pages\/8440\/revisions"}],"up":[{"embeddable":true,"href":"https:\/\/frauenarzt-rahlstedt.de\/pl\/wp-json\/wp\/v2\/pages\/8366"}],"wp:attachment":[{"href":"https:\/\/frauenarzt-rahlstedt.de\/pl\/wp-json\/wp\/v2\/media?parent=8440"}],"curies":[{"name":"wp","href":"https:\/\/api.w.org\/{rel}","templated":true}]}}