{"id":8435,"date":"2023-04-13T12:18:28","date_gmt":"2023-04-13T12:18:28","guid":{"rendered":""},"modified":"2023-04-13T12:18:28","modified_gmt":"2023-04-13T12:18:28","slug":"ciaza-wysokiego-ryzyka-hamburg-porod-przedwczesny-stan-przedrzucawkowy-bliznieta-oxford-ctg-hamburg-analiza-dawesa-i-redmana-ekspert","status":"publish","type":"page","link":"https:\/\/frauenarzt-rahlstedt.de\/pl\/praktyka-diagnostyki-prenatalnej-hamburg-ginekolog-hamburg-praktyka-ginekologiczna-medycyna-prenatalna-degum-ii-expert-top\/ciaza-wysokiego-ryzyka-hamburg-porod-przedwczesny-stan-przedrzucawkowy-bliznieta-oxford-ctg-hamburg-analiza-dawesa-i-redmana-ekspert\/","title":{"rendered":"Ci\u0105\u017ca wysokiego ryzyka Hamburg | Por\u00f3d przedwczesny | Stan przedrzucawkowy | Bli\u017ani\u0119ta | Oxford-CTG Hamburg | Analiza Dawesa i Redmana | Ekspert"},"content":{"rendered":"","protected":false},"excerpt":{"rendered":"","protected":false},"author":1,"featured_media":0,"parent":8366,"menu_order":0,"comment_status":"closed","ping_status":"closed","template":"","meta":{"footnotes":""},"class_list":["post-8435","page","type-page","status-publish","hentry"],"_links":{"self":[{"href":"https:\/\/frauenarzt-rahlstedt.de\/pl\/wp-json\/wp\/v2\/pages\/8435","targetHints":{"allow":["GET"]}}],"collection":[{"href":"https:\/\/frauenarzt-rahlstedt.de\/pl\/wp-json\/wp\/v2\/pages"}],"about":[{"href":"https:\/\/frauenarzt-rahlstedt.de\/pl\/wp-json\/wp\/v2\/types\/page"}],"author":[{"embeddable":true,"href":"https:\/\/frauenarzt-rahlstedt.de\/pl\/wp-json\/wp\/v2\/users\/1"}],"replies":[{"embeddable":true,"href":"https:\/\/frauenarzt-rahlstedt.de\/pl\/wp-json\/wp\/v2\/comments?post=8435"}],"version-history":[{"count":0,"href":"https:\/\/frauenarzt-rahlstedt.de\/pl\/wp-json\/wp\/v2\/pages\/8435\/revisions"}],"up":[{"embeddable":true,"href":"https:\/\/frauenarzt-rahlstedt.de\/pl\/wp-json\/wp\/v2\/pages\/8366"}],"wp:attachment":[{"href":"https:\/\/frauenarzt-rahlstedt.de\/pl\/wp-json\/wp\/v2\/media?parent=8435"}],"curies":[{"name":"wp","href":"https:\/\/api.w.org\/{rel}","templated":true}]}}