{"id":8389,"date":"2022-03-21T18:08:41","date_gmt":"2022-03-21T18:08:41","guid":{"rendered":"https:\/\/frauenarzt-rahlstedt.de\/praktyka-diagnostyki-prenatalnej-hamburg-ginekolog-hamburg-praktyka-ginekologiczna-medycyna-prenatalna-degum-ii-expert-top\/poszukiwani-stazysci-mfa-jak-zostac-asystentem-medycznym\/"},"modified":"2024-07-06T19:39:13","modified_gmt":"2024-07-06T19:39:13","slug":"poszukiwani-stazysci-mfa-jak-zostac-asystentem-medycznym","status":"publish","type":"page","link":"https:\/\/frauenarzt-rahlstedt.de\/pl\/praktyka-diagnostyki-prenatalnej-hamburg-ginekolog-hamburg-praktyka-ginekologiczna-medycyna-prenatalna-degum-ii-expert-top\/poszukiwani-stazysci-mfa-jak-zostac-asystentem-medycznym\/","title":{"rendered":"Poszukiwani sta\u017cy\u015bci MFA | Jak zosta\u0107 asystentem medycznym?"},"content":{"rendered":"","protected":false},"excerpt":{"rendered":"","protected":false},"author":1,"featured_media":0,"parent":8366,"menu_order":0,"comment_status":"closed","ping_status":"closed","template":"","meta":{"footnotes":""},"class_list":["post-8389","page","type-page","status-publish","hentry"],"_links":{"self":[{"href":"https:\/\/frauenarzt-rahlstedt.de\/pl\/wp-json\/wp\/v2\/pages\/8389","targetHints":{"allow":["GET"]}}],"collection":[{"href":"https:\/\/frauenarzt-rahlstedt.de\/pl\/wp-json\/wp\/v2\/pages"}],"about":[{"href":"https:\/\/frauenarzt-rahlstedt.de\/pl\/wp-json\/wp\/v2\/types\/page"}],"author":[{"embeddable":true,"href":"https:\/\/frauenarzt-rahlstedt.de\/pl\/wp-json\/wp\/v2\/users\/1"}],"replies":[{"embeddable":true,"href":"https:\/\/frauenarzt-rahlstedt.de\/pl\/wp-json\/wp\/v2\/comments?post=8389"}],"version-history":[{"count":0,"href":"https:\/\/frauenarzt-rahlstedt.de\/pl\/wp-json\/wp\/v2\/pages\/8389\/revisions"}],"up":[{"embeddable":true,"href":"https:\/\/frauenarzt-rahlstedt.de\/pl\/wp-json\/wp\/v2\/pages\/8366"}],"wp:attachment":[{"href":"https:\/\/frauenarzt-rahlstedt.de\/pl\/wp-json\/wp\/v2\/media?parent=8389"}],"curies":[{"name":"wp","href":"https:\/\/api.w.org\/{rel}","templated":true}]}}