{"id":11167,"date":"2024-11-14T08:50:45","date_gmt":"2024-11-14T08:50:45","guid":{"rendered":"https:\/\/frauenarzt-rahlstedt.de\/rejestracja-dla-czlonkow\/prosze-zresetowac-haslo\/"},"modified":"2024-11-14T08:50:45","modified_gmt":"2024-11-14T08:50:45","slug":"prosze-zresetowac-haslo","status":"publish","type":"page","link":"https:\/\/frauenarzt-rahlstedt.de\/pl\/rejestracja-dla-czlonkow\/prosze-zresetowac-haslo\/","title":{"rendered":"Prosz\u0119 zresetowa\u0107 has\u0142o"},"content":{"rendered":"<p>[swpm_reset_form]<\/p>\n","protected":false},"excerpt":{"rendered":"<p>[swpm_reset_form]<\/p>\n","protected":false},"author":1,"featured_media":0,"parent":11146,"menu_order":0,"comment_status":"closed","ping_status":"closed","template":"","meta":{"footnotes":""},"class_list":["post-11167","page","type-page","status-publish","hentry"],"_links":{"self":[{"href":"https:\/\/frauenarzt-rahlstedt.de\/pl\/wp-json\/wp\/v2\/pages\/11167","targetHints":{"allow":["GET"]}}],"collection":[{"href":"https:\/\/frauenarzt-rahlstedt.de\/pl\/wp-json\/wp\/v2\/pages"}],"about":[{"href":"https:\/\/frauenarzt-rahlstedt.de\/pl\/wp-json\/wp\/v2\/types\/page"}],"author":[{"embeddable":true,"href":"https:\/\/frauenarzt-rahlstedt.de\/pl\/wp-json\/wp\/v2\/users\/1"}],"replies":[{"embeddable":true,"href":"https:\/\/frauenarzt-rahlstedt.de\/pl\/wp-json\/wp\/v2\/comments?post=11167"}],"version-history":[{"count":0,"href":"https:\/\/frauenarzt-rahlstedt.de\/pl\/wp-json\/wp\/v2\/pages\/11167\/revisions"}],"up":[{"embeddable":true,"href":"https:\/\/frauenarzt-rahlstedt.de\/pl\/wp-json\/wp\/v2\/pages\/11146"}],"wp:attachment":[{"href":"https:\/\/frauenarzt-rahlstedt.de\/pl\/wp-json\/wp\/v2\/media?parent=11167"}],"curies":[{"name":"wp","href":"https:\/\/api.w.org\/{rel}","templated":true}]}}