{"id":11123,"date":"2024-11-14T08:50:42","date_gmt":"2024-11-14T08:50:42","guid":{"rendered":"https:\/\/frauenarzt-rahlstedt.de\/prosze-do-nas-dolaczyc\/"},"modified":"2024-11-14T08:50:42","modified_gmt":"2024-11-14T08:50:42","slug":"prosze-do-nas-dolaczyc","status":"publish","type":"page","link":"https:\/\/frauenarzt-rahlstedt.de\/pl\/prosze-do-nas-dolaczyc\/","title":{"rendered":"Prosz\u0119 do nas do\u0142\u0105czy\u0107"},"content":{"rendered":"<p style=\"color:red;font-weight:bold;\">Ta strona i jej zawarto\u015b\u0107 zosta\u0142y wygenerowane automatycznie, aby da\u0107 Pa\u0144stwu podstawowy obraz tego, jak powinna wygl\u0105da\u0107 strona &#8220;Do\u0142\u0105cz do nas&#8221;. Mog\u0105 Pa\u0144stwo dostosowa\u0107 t\u0119 stron\u0119 w dowolny spos\u00f3b, edytuj\u0105c j\u0105 w edytorze stron WordPress. <\/p>\n<p style=\"font-weight:bold;\">Je\u015bli zmieni\u0105 Pa\u0144stwo adres URL tej strony, nale\u017cy zaktualizowa\u0107 warto\u015b\u0107 adresu URL w menu ustawie\u0144 wtyczki.<\/p>\n<p style=\"font-weight:bold;\">Je\u015bli usun\u0105 Pa\u0144stwo kt\u00f3r\u0105kolwiek z podstawowych stron wymaganych przez wtyczk\u0119, <a href=\"https:\/\/simple-membership-plugin.com\/recreating-required-pages-simple-membership-plugin\/\" target=\"_blank\" rel=\"noopener\">niniejsza dokumentacja<\/a> pomo\u017ce Pa\u0144stwu w ich odtworzeniu.<\/p>\n<p style=\"border-top:1px solid #ccc;padding-top:10px;margin-top:10px;\">\n<p> B<strong>ezp\u0142atne cz\u0142onkostwo<\/strong> Otrzymuj\u0105 Pa\u0144stwo nieograniczony dost\u0119p do bezp\u0142atnych tre\u015bci cz\u0142onkowskich <br \/>\n\t\t\t<em><strong>Cena: Bezp\u0142atnie!<\/strong><\/em><\/p>\n<p>Prosz\u0119 po\u0142\u0105czy\u0107 poni\u017cszy obrazek, aby przej\u015b\u0107 do strony rejestracji, je\u015bli chc\u0105 Pa\u0144stwo, aby odwiedzaj\u0105cy mogli utworzy\u0107 bezp\u0142atne konto cz\u0142onkowskie.<\/p>\n<p>\t\t\t<img loading=\"lazy\" decoding=\"async\" title=\"Prosz\u0119 do\u0142\u0105czy\u0107 teraz\" src=\"https:\/\/frauenarzt-rahlstedt.de\/wp-content\/plugins\/simple-membership\/images\/join-now-button-image.gif\" alt=\"Przycisk Do\u0142\u0105cz teraz\" width=\"277\" height=\"82\"><\/p>\n<p style=\"border-bottom:1px solid #ccc;padding-bottom:10px;margin-bottom:10px;\">\n<p><strong>Mog\u0105 Pa\u0144stwo zarejestrowa\u0107 si\u0119 w celu uzyskania bezp\u0142atnego cz\u0142onkostwa lub op\u0142aci\u0107 jedn\u0105 z nast\u0119puj\u0105cych opcji cz\u0142onkostwa<\/strong><\/p>\n<p style=\"border-top:1px solid #ccc;padding-top:10px;margin-top:10px;\">\n<p>  [Prosz\u0119 wstawi\u0107 tutaj przycisk p\u0142atno\u015bci dla p\u0142atnych poziom\u00f3w cz\u0142onkostwa.]  <\/p>\n<p style=\"border-bottom:1px solid #ccc;padding-bottom:10px;margin-bottom:10px;\">\n","protected":false},"excerpt":{"rendered":"<p>Ta strona i jej zawarto\u015b\u0107 zosta\u0142y wygenerowane automatycznie, aby da\u0107 Pa\u0144stwu podstawowy obraz tego, jak powinna wygl\u0105da\u0107 strona &#8220;Do\u0142\u0105cz do nas&#8221;. Mog\u0105 Pa\u0144stwo dostosowa\u0107 t\u0119 stron\u0119 w dowolny spos\u00f3b, edytuj\u0105c j\u0105 w edytorze stron WordPress. Je\u015bli zmieni\u0105 Pa\u0144stwo adres URL tej strony, nale\u017cy zaktualizowa\u0107 warto\u015b\u0107 adresu URL w menu ustawie\u0144 wtyczki. Je\u015bli usun\u0105 Pa\u0144stwo kt\u00f3r\u0105kolwiek [&hellip;]<\/p>\n","protected":false},"author":1,"featured_media":0,"parent":0,"menu_order":0,"comment_status":"closed","ping_status":"closed","template":"","meta":{"footnotes":""},"class_list":["post-11123","page","type-page","status-publish","hentry"],"_links":{"self":[{"href":"https:\/\/frauenarzt-rahlstedt.de\/pl\/wp-json\/wp\/v2\/pages\/11123","targetHints":{"allow":["GET"]}}],"collection":[{"href":"https:\/\/frauenarzt-rahlstedt.de\/pl\/wp-json\/wp\/v2\/pages"}],"about":[{"href":"https:\/\/frauenarzt-rahlstedt.de\/pl\/wp-json\/wp\/v2\/types\/page"}],"author":[{"embeddable":true,"href":"https:\/\/frauenarzt-rahlstedt.de\/pl\/wp-json\/wp\/v2\/users\/1"}],"replies":[{"embeddable":true,"href":"https:\/\/frauenarzt-rahlstedt.de\/pl\/wp-json\/wp\/v2\/comments?post=11123"}],"version-history":[{"count":0,"href":"https:\/\/frauenarzt-rahlstedt.de\/pl\/wp-json\/wp\/v2\/pages\/11123\/revisions"}],"wp:attachment":[{"href":"https:\/\/frauenarzt-rahlstedt.de\/pl\/wp-json\/wp\/v2\/media?parent=11123"}],"curies":[{"name":"wp","href":"https:\/\/api.w.org\/{rel}","templated":true}]}}