{"id":10861,"date":"2024-06-16T14:29:51","date_gmt":"2024-06-16T14:29:51","guid":{"rendered":"https:\/\/frauenarzt-rahlstedt.de\/?page_id=10861"},"modified":"2024-06-17T07:41:17","modified_gmt":"2024-06-17T07:41:17","slug":"ciaza-hamburg-opieka-nad-ciaza-zapobieganie-przedwczesnym-porodom-hamburg-medycyna-prenatalna-hamburg-ekspert","status":"publish","type":"page","link":"https:\/\/frauenarzt-rahlstedt.de\/pl\/praktyka-diagnostyki-prenatalnej-hamburg-ginekolog-hamburg-praktyka-ginekologiczna-medycyna-prenatalna-degum-ii-expert-top\/ciaza-hamburg-opieka-nad-ciaza-zapobieganie-przedwczesnym-porodom-hamburg-medycyna-prenatalna-hamburg-ekspert\/","title":{"rendered":"\u0141agodzenie objaw\u00f3w ci\u0105\u017cy bez lek\u00f3w | B\u00f3l plec\u00f3w w ci\u0105\u017cy | Nudno\u015bci w ci\u0105\u017cy | B\u00f3l brzucha w ci\u0105\u017cy"},"content":{"rendered":"","protected":false},"excerpt":{"rendered":"","protected":false},"author":1,"featured_media":0,"parent":8366,"menu_order":0,"comment_status":"closed","ping_status":"closed","template":"","meta":{"footnotes":""},"class_list":["post-10861","page","type-page","status-publish","hentry"],"_links":{"self":[{"href":"https:\/\/frauenarzt-rahlstedt.de\/pl\/wp-json\/wp\/v2\/pages\/10861","targetHints":{"allow":["GET"]}}],"collection":[{"href":"https:\/\/frauenarzt-rahlstedt.de\/pl\/wp-json\/wp\/v2\/pages"}],"about":[{"href":"https:\/\/frauenarzt-rahlstedt.de\/pl\/wp-json\/wp\/v2\/types\/page"}],"author":[{"embeddable":true,"href":"https:\/\/frauenarzt-rahlstedt.de\/pl\/wp-json\/wp\/v2\/users\/1"}],"replies":[{"embeddable":true,"href":"https:\/\/frauenarzt-rahlstedt.de\/pl\/wp-json\/wp\/v2\/comments?post=10861"}],"version-history":[{"count":0,"href":"https:\/\/frauenarzt-rahlstedt.de\/pl\/wp-json\/wp\/v2\/pages\/10861\/revisions"}],"up":[{"embeddable":true,"href":"https:\/\/frauenarzt-rahlstedt.de\/pl\/wp-json\/wp\/v2\/pages\/8366"}],"wp:attachment":[{"href":"https:\/\/frauenarzt-rahlstedt.de\/pl\/wp-json\/wp\/v2\/media?parent=10861"}],"curies":[{"name":"wp","href":"https:\/\/api.w.org\/{rel}","templated":true}]}}