{"id":8541,"date":"2021-12-27T16:08:10","date_gmt":"2021-12-27T16:08:10","guid":{"rendered":""},"modified":"2024-01-26T19:11:50","modified_gmt":"2024-01-26T19:11:50","slug":"grossesse-hambourg-grossesse-a-risque-hambourg-prevention-des-naissances-prematurees-hambourg-medecine-prenatale-hambourg-expert","status":"publish","type":"page","link":"https:\/\/frauenarzt-rahlstedt.de\/fr\/cabinet-de-diagnostic-prenatal-hambourg-gynecologue-hambourg-cabinet-de-gynecologie-medecine-prenatale-expert-degum-ii-top\/grossesse-hambourg-grossesse-a-risque-hambourg-prevention-des-naissances-prematurees-hambourg-medecine-prenatale-hambourg-expert\/","title":{"rendered":"Grossesse Hambourg | Suivi de grossesse | Pr\u00e9vention des naissances pr\u00e9matur\u00e9es Hambourg | M\u00e9decine pr\u00e9natale Hambourg | Expert"},"content":{"rendered":"","protected":false},"excerpt":{"rendered":"","protected":false},"author":1,"featured_media":0,"parent":8370,"menu_order":0,"comment_status":"closed","ping_status":"closed","template":"","meta":{"footnotes":""},"class_list":["post-8541","page","type-page","status-publish","hentry"],"_links":{"self":[{"href":"https:\/\/frauenarzt-rahlstedt.de\/fr\/wp-json\/wp\/v2\/pages\/8541","targetHints":{"allow":["GET"]}}],"collection":[{"href":"https:\/\/frauenarzt-rahlstedt.de\/fr\/wp-json\/wp\/v2\/pages"}],"about":[{"href":"https:\/\/frauenarzt-rahlstedt.de\/fr\/wp-json\/wp\/v2\/types\/page"}],"author":[{"embeddable":true,"href":"https:\/\/frauenarzt-rahlstedt.de\/fr\/wp-json\/wp\/v2\/users\/1"}],"replies":[{"embeddable":true,"href":"https:\/\/frauenarzt-rahlstedt.de\/fr\/wp-json\/wp\/v2\/comments?post=8541"}],"version-history":[{"count":0,"href":"https:\/\/frauenarzt-rahlstedt.de\/fr\/wp-json\/wp\/v2\/pages\/8541\/revisions"}],"up":[{"embeddable":true,"href":"https:\/\/frauenarzt-rahlstedt.de\/fr\/wp-json\/wp\/v2\/pages\/8370"}],"wp:attachment":[{"href":"https:\/\/frauenarzt-rahlstedt.de\/fr\/wp-json\/wp\/v2\/media?parent=8541"}],"curies":[{"name":"wp","href":"https:\/\/api.w.org\/{rel}","templated":true}]}}