{"id":8525,"date":"2021-12-27T10:51:13","date_gmt":"2021-12-27T10:51:13","guid":{"rendered":"https:\/\/frauenarzt-rahlstedt.de\/newsletter-degum-ii-hambourg-nouvelles-de-la-gynecologie-a-hambourg-rahlstedt-expert\/"},"modified":"2024-01-23T17:53:28","modified_gmt":"2024-01-23T17:53:28","slug":"newsletter-degum-ii-hambourg-nouvelles-de-la-gynecologie-a-hambourg-rahlstedt-expert","status":"publish","type":"page","link":"https:\/\/frauenarzt-rahlstedt.de\/fr\/newsletter-degum-ii-hambourg-nouvelles-de-la-gynecologie-a-hambourg-rahlstedt-expert\/","title":{"rendered":"Newsletter | DEGUM II Hambourg | Nouvelles de la gyn\u00e9cologie \u00e0 Hambourg Rahlstedt | Expert"},"content":{"rendered":"<p>[newsletter]<\/p>\n\n<p>Nous sommes heureux de vous accueillir dans notre cabinet de gyn\u00e9cologie et de diagnostic pr\u00e9natal \u00e0 Hambourg Rahlstedt.<\/p>\n\n<p>Restez \u00e0 jour avec notre newsletter.<\/p>\n","protected":false},"excerpt":{"rendered":"<p>[newsletter] Nous sommes heureux de vous accueillir dans notre cabinet de gyn\u00e9cologie et de diagnostic pr\u00e9natal \u00e0 Hambourg Rahlstedt. Restez \u00e0 jour avec notre newsletter.<\/p>\n","protected":false},"author":1,"featured_media":0,"parent":0,"menu_order":0,"comment_status":"closed","ping_status":"closed","template":"","meta":{"footnotes":""},"class_list":["post-8525","page","type-page","status-publish","hentry"],"_links":{"self":[{"href":"https:\/\/frauenarzt-rahlstedt.de\/fr\/wp-json\/wp\/v2\/pages\/8525","targetHints":{"allow":["GET"]}}],"collection":[{"href":"https:\/\/frauenarzt-rahlstedt.de\/fr\/wp-json\/wp\/v2\/pages"}],"about":[{"href":"https:\/\/frauenarzt-rahlstedt.de\/fr\/wp-json\/wp\/v2\/types\/page"}],"author":[{"embeddable":true,"href":"https:\/\/frauenarzt-rahlstedt.de\/fr\/wp-json\/wp\/v2\/users\/1"}],"replies":[{"embeddable":true,"href":"https:\/\/frauenarzt-rahlstedt.de\/fr\/wp-json\/wp\/v2\/comments?post=8525"}],"version-history":[{"count":0,"href":"https:\/\/frauenarzt-rahlstedt.de\/fr\/wp-json\/wp\/v2\/pages\/8525\/revisions"}],"wp:attachment":[{"href":"https:\/\/frauenarzt-rahlstedt.de\/fr\/wp-json\/wp\/v2\/media?parent=8525"}],"curies":[{"name":"wp","href":"https:\/\/api.w.org\/{rel}","templated":true}]}}