{"id":8524,"date":"2021-12-25T12:10:52","date_gmt":"2021-12-25T12:10:52","guid":{"rendered":""},"modified":"2024-04-04T09:45:58","modified_gmt":"2024-04-04T09:45:58","slug":"depistage-du-premier-trimestre-hambourg-depistage-du-premier-trimestre-nipt-mesure-de-la-clarte-nucale-os-du-nez-depistage-de-la-pre-eclampsie-diagnostic-prenatal-tres-precis-dans-une-atmo","status":"publish","type":"page","link":"https:\/\/frauenarzt-rahlstedt.de\/fr\/cabinet-de-diagnostic-prenatal-hambourg-gynecologue-hambourg-cabinet-de-gynecologie-medecine-prenatale-expert-degum-ii-top\/depistage-du-premier-trimestre-hambourg-depistage-du-premier-trimestre-nipt-mesure-de-la-clarte-nucale-os-du-nez-depistage-de-la-pre-eclampsie-diagnostic-prenatal-tres-precis-dans-une-atmo\/","title":{"rendered":"D\u00e9pistage du premier trimestre Hambourg | D\u00e9pistage du premier trimestre | NIPT | Mesure de la clart\u00e9 nucale | Os du nez | D\u00e9pistage de la pr\u00e9-\u00e9clampsie | Diagnostic pr\u00e9natal tr\u00e8s pr\u00e9cis dans une atmosph\u00e8re agr\u00e9able TOP expertise"},"content":{"rendered":"","protected":false},"excerpt":{"rendered":"","protected":false},"author":1,"featured_media":0,"parent":8370,"menu_order":0,"comment_status":"closed","ping_status":"closed","template":"","meta":{"footnotes":""},"class_list":["post-8524","page","type-page","status-publish","hentry"],"_links":{"self":[{"href":"https:\/\/frauenarzt-rahlstedt.de\/fr\/wp-json\/wp\/v2\/pages\/8524","targetHints":{"allow":["GET"]}}],"collection":[{"href":"https:\/\/frauenarzt-rahlstedt.de\/fr\/wp-json\/wp\/v2\/pages"}],"about":[{"href":"https:\/\/frauenarzt-rahlstedt.de\/fr\/wp-json\/wp\/v2\/types\/page"}],"author":[{"embeddable":true,"href":"https:\/\/frauenarzt-rahlstedt.de\/fr\/wp-json\/wp\/v2\/users\/1"}],"replies":[{"embeddable":true,"href":"https:\/\/frauenarzt-rahlstedt.de\/fr\/wp-json\/wp\/v2\/comments?post=8524"}],"version-history":[{"count":0,"href":"https:\/\/frauenarzt-rahlstedt.de\/fr\/wp-json\/wp\/v2\/pages\/8524\/revisions"}],"up":[{"embeddable":true,"href":"https:\/\/frauenarzt-rahlstedt.de\/fr\/wp-json\/wp\/v2\/pages\/8370"}],"wp:attachment":[{"href":"https:\/\/frauenarzt-rahlstedt.de\/fr\/wp-json\/wp\/v2\/media?parent=8524"}],"curies":[{"name":"wp","href":"https:\/\/api.w.org\/{rel}","templated":true}]}}