{"id":8488,"date":"2024-01-19T18:56:35","date_gmt":"2024-01-19T18:56:35","guid":{"rendered":""},"modified":"2024-01-26T18:49:38","modified_gmt":"2024-01-26T18:49:38","slug":"iii-depistage-trimestriel-examen-doppler-pendant-la-grossesse-echocardiographie-foetale-hambourg-grossesse-a-risque-securite-maximale-des-soins-insuffisance-placentaire-pre-eclampsie-gem","status":"publish","type":"page","link":"https:\/\/frauenarzt-rahlstedt.de\/fr\/cabinet-de-diagnostic-prenatal-hambourg-gynecologue-hambourg-cabinet-de-gynecologie-medecine-prenatale-expert-degum-ii-top\/iii-depistage-trimestriel-examen-doppler-pendant-la-grossesse-echocardiographie-foetale-hambourg-grossesse-a-risque-securite-maximale-des-soins-insuffisance-placentaire-pre-eclampsie-gem\/","title":{"rendered":"III D\u00e9pistage trimestriel | Examen Doppler pendant la grossesse | Echocardiographie f\u0153tale Hambourg | Grossesse \u00e0 risque | S\u00e9curit\u00e9 maximale des soins | Insuffisance placentaire | Pr\u00e9-\u00e9clampsie | Gemini"},"content":{"rendered":"","protected":false},"excerpt":{"rendered":"","protected":false},"author":1,"featured_media":0,"parent":8370,"menu_order":0,"comment_status":"closed","ping_status":"closed","template":"","meta":{"footnotes":""},"class_list":["post-8488","page","type-page","status-publish","hentry"],"_links":{"self":[{"href":"https:\/\/frauenarzt-rahlstedt.de\/fr\/wp-json\/wp\/v2\/pages\/8488","targetHints":{"allow":["GET"]}}],"collection":[{"href":"https:\/\/frauenarzt-rahlstedt.de\/fr\/wp-json\/wp\/v2\/pages"}],"about":[{"href":"https:\/\/frauenarzt-rahlstedt.de\/fr\/wp-json\/wp\/v2\/types\/page"}],"author":[{"embeddable":true,"href":"https:\/\/frauenarzt-rahlstedt.de\/fr\/wp-json\/wp\/v2\/users\/1"}],"replies":[{"embeddable":true,"href":"https:\/\/frauenarzt-rahlstedt.de\/fr\/wp-json\/wp\/v2\/comments?post=8488"}],"version-history":[{"count":0,"href":"https:\/\/frauenarzt-rahlstedt.de\/fr\/wp-json\/wp\/v2\/pages\/8488\/revisions"}],"up":[{"embeddable":true,"href":"https:\/\/frauenarzt-rahlstedt.de\/fr\/wp-json\/wp\/v2\/pages\/8370"}],"wp:attachment":[{"href":"https:\/\/frauenarzt-rahlstedt.de\/fr\/wp-json\/wp\/v2\/media?parent=8488"}],"curies":[{"name":"wp","href":"https:\/\/api.w.org\/{rel}","templated":true}]}}