{"id":8456,"date":"2024-01-19T19:52:20","date_gmt":"2024-01-19T19:52:20","guid":{"rendered":""},"modified":"2024-01-26T19:00:45","modified_gmt":"2024-01-26T19:00:45","slug":"diagnostic-prenatal-a-hambourg-diagnostic-fin-depistage-du-premier-trimestre-hambourg-depistage-du-premier-trimestre-nipt-hambourg-amniocentese-biopsie-des-villosites-choriales-echocardi","status":"publish","type":"page","link":"https:\/\/frauenarzt-rahlstedt.de\/fr\/cabinet-de-diagnostic-prenatal-hambourg-gynecologue-hambourg-cabinet-de-gynecologie-medecine-prenatale-expert-degum-ii-top\/diagnostic-prenatal-a-hambourg-diagnostic-fin-depistage-du-premier-trimestre-hambourg-depistage-du-premier-trimestre-nipt-hambourg-amniocentese-biopsie-des-villosites-choriales-echocardi\/","title":{"rendered":"Diagnostic pr\u00e9natal \u00e0 Hambourg | Diagnostic fin | D\u00e9pistage du premier trimestre Hambourg | D\u00e9pistage du premier trimestre | NIPT Hambourg | Amniocent\u00e8se | Biopsie des villosit\u00e9s choriales | Echocardiographie f\u0153tale Hambourg | Atmosph\u00e8re tr\u00e8s agr\u00e9able et experts de haut niveau"},"content":{"rendered":"","protected":false},"excerpt":{"rendered":"","protected":false},"author":1,"featured_media":0,"parent":8370,"menu_order":0,"comment_status":"closed","ping_status":"closed","template":"","meta":{"footnotes":""},"class_list":["post-8456","page","type-page","status-publish","hentry"],"_links":{"self":[{"href":"https:\/\/frauenarzt-rahlstedt.de\/fr\/wp-json\/wp\/v2\/pages\/8456","targetHints":{"allow":["GET"]}}],"collection":[{"href":"https:\/\/frauenarzt-rahlstedt.de\/fr\/wp-json\/wp\/v2\/pages"}],"about":[{"href":"https:\/\/frauenarzt-rahlstedt.de\/fr\/wp-json\/wp\/v2\/types\/page"}],"author":[{"embeddable":true,"href":"https:\/\/frauenarzt-rahlstedt.de\/fr\/wp-json\/wp\/v2\/users\/1"}],"replies":[{"embeddable":true,"href":"https:\/\/frauenarzt-rahlstedt.de\/fr\/wp-json\/wp\/v2\/comments?post=8456"}],"version-history":[{"count":0,"href":"https:\/\/frauenarzt-rahlstedt.de\/fr\/wp-json\/wp\/v2\/pages\/8456\/revisions"}],"up":[{"embeddable":true,"href":"https:\/\/frauenarzt-rahlstedt.de\/fr\/wp-json\/wp\/v2\/pages\/8370"}],"wp:attachment":[{"href":"https:\/\/frauenarzt-rahlstedt.de\/fr\/wp-json\/wp\/v2\/media?parent=8456"}],"curies":[{"name":"wp","href":"https:\/\/api.w.org\/{rel}","templated":true}]}}