{"id":8441,"date":"2024-01-19T19:01:09","date_gmt":"2024-01-19T19:01:09","guid":{"rendered":""},"modified":"2024-12-01T19:09:01","modified_gmt":"2024-12-01T19:09:01","slug":"diagnostic-prenatal-invasif-amniocentese-biopsie-des-villosites-choriales-a-hambourg-ponction-a-laiguille-fine-pendant-la-grossesse-tres-grande-experience-grace-a-des-experts-de-haut-niveau","status":"publish","type":"page","link":"https:\/\/frauenarzt-rahlstedt.de\/fr\/cabinet-de-diagnostic-prenatal-hambourg-gynecologue-hambourg-cabinet-de-gynecologie-medecine-prenatale-expert-degum-ii-top\/diagnostic-prenatal-invasif-amniocentese-biopsie-des-villosites-choriales-a-hambourg-ponction-a-laiguille-fine-pendant-la-grossesse-tres-grande-experience-grace-a-des-experts-de-haut-niveau\/","title":{"rendered":"Diagnostic pr\u00e9natal invasif | Amniocent\u00e8se, biopsie des villosit\u00e9s choriales \u00e0 Hambourg | Ponction \u00e0 l&#8217;aiguille fine pendant la grossesse | Conseil en g\u00e9n\u00e9tique humaine"},"content":{"rendered":"","protected":false},"excerpt":{"rendered":"","protected":false},"author":1,"featured_media":0,"parent":8370,"menu_order":0,"comment_status":"closed","ping_status":"closed","template":"","meta":{"footnotes":""},"class_list":["post-8441","page","type-page","status-publish","hentry"],"_links":{"self":[{"href":"https:\/\/frauenarzt-rahlstedt.de\/fr\/wp-json\/wp\/v2\/pages\/8441","targetHints":{"allow":["GET"]}}],"collection":[{"href":"https:\/\/frauenarzt-rahlstedt.de\/fr\/wp-json\/wp\/v2\/pages"}],"about":[{"href":"https:\/\/frauenarzt-rahlstedt.de\/fr\/wp-json\/wp\/v2\/types\/page"}],"author":[{"embeddable":true,"href":"https:\/\/frauenarzt-rahlstedt.de\/fr\/wp-json\/wp\/v2\/users\/1"}],"replies":[{"embeddable":true,"href":"https:\/\/frauenarzt-rahlstedt.de\/fr\/wp-json\/wp\/v2\/comments?post=8441"}],"version-history":[{"count":0,"href":"https:\/\/frauenarzt-rahlstedt.de\/fr\/wp-json\/wp\/v2\/pages\/8441\/revisions"}],"up":[{"embeddable":true,"href":"https:\/\/frauenarzt-rahlstedt.de\/fr\/wp-json\/wp\/v2\/pages\/8370"}],"wp:attachment":[{"href":"https:\/\/frauenarzt-rahlstedt.de\/fr\/wp-json\/wp\/v2\/media?parent=8441"}],"curies":[{"name":"wp","href":"https:\/\/api.w.org\/{rel}","templated":true}]}}