{"id":11504,"date":"2025-12-04T14:09:28","date_gmt":"2025-12-04T14:09:28","guid":{"rendered":"https:\/\/frauenarzt-rahlstedt.de\/?page_id=11504"},"modified":"2025-12-04T14:09:29","modified_gmt":"2025-12-04T14:09:29","slug":"mfa-assistante-medicale-recherchee-a-plein-temps-3","status":"publish","type":"page","link":"https:\/\/frauenarzt-rahlstedt.de\/fr\/cabinet-de-diagnostic-prenatal-hambourg-gynecologue-hambourg-cabinet-de-gynecologie-medecine-prenatale-expert-degum-ii-top\/mfa-assistante-medicale-recherchee-a-plein-temps-3\/","title":{"rendered":"MFA &#8211; Assistante m\u00e9dicale recherch\u00e9e \u00e0 plein temps"},"content":{"rendered":"","protected":false},"excerpt":{"rendered":"","protected":false},"author":1,"featured_media":0,"parent":8370,"menu_order":0,"comment_status":"closed","ping_status":"closed","template":"","meta":{"footnotes":""},"class_list":["post-11504","page","type-page","status-publish","hentry"],"_links":{"self":[{"href":"https:\/\/frauenarzt-rahlstedt.de\/fr\/wp-json\/wp\/v2\/pages\/11504","targetHints":{"allow":["GET"]}}],"collection":[{"href":"https:\/\/frauenarzt-rahlstedt.de\/fr\/wp-json\/wp\/v2\/pages"}],"about":[{"href":"https:\/\/frauenarzt-rahlstedt.de\/fr\/wp-json\/wp\/v2\/types\/page"}],"author":[{"embeddable":true,"href":"https:\/\/frauenarzt-rahlstedt.de\/fr\/wp-json\/wp\/v2\/users\/1"}],"replies":[{"embeddable":true,"href":"https:\/\/frauenarzt-rahlstedt.de\/fr\/wp-json\/wp\/v2\/comments?post=11504"}],"version-history":[{"count":1,"href":"https:\/\/frauenarzt-rahlstedt.de\/fr\/wp-json\/wp\/v2\/pages\/11504\/revisions"}],"predecessor-version":[{"id":11515,"href":"https:\/\/frauenarzt-rahlstedt.de\/fr\/wp-json\/wp\/v2\/pages\/11504\/revisions\/11515"}],"up":[{"embeddable":true,"href":"https:\/\/frauenarzt-rahlstedt.de\/fr\/wp-json\/wp\/v2\/pages\/8370"}],"wp:attachment":[{"href":"https:\/\/frauenarzt-rahlstedt.de\/fr\/wp-json\/wp\/v2\/media?parent=11504"}],"curies":[{"name":"wp","href":"https:\/\/api.w.org\/{rel}","templated":true}]}}