{"id":11121,"date":"2024-11-14T08:50:42","date_gmt":"2024-11-14T08:50:42","guid":{"rendered":"https:\/\/frauenarzt-rahlstedt.de\/rejoignez-nous\/"},"modified":"2024-11-14T08:50:42","modified_gmt":"2024-11-14T08:50:42","slug":"rejoignez-nous","status":"publish","type":"page","link":"https:\/\/frauenarzt-rahlstedt.de\/fr\/rejoignez-nous\/","title":{"rendered":"Rejoignez-nous"},"content":{"rendered":"<p style=\"color:red;font-weight:bold;\">Cette page et son contenu ont \u00e9t\u00e9 g\u00e9n\u00e9r\u00e9s automatiquement pour vous donner une id\u00e9e de base de ce \u00e0 quoi doit ressembler une page &#8220;Rejoignez-nous&#8221;. Vous pouvez personnaliser cette page comme bon vous semble en l&#8217;\u00e9ditant depuis votre \u00e9diteur de page WordPress. <\/p>\n<p style=\"font-weight:bold;\">Si vous modifiez l&#8217;URL de cette page, assurez-vous de mettre \u00e0 jour la valeur de l&#8217;URL dans le menu des param\u00e8tres du plugin.<\/p>\n<p style=\"font-weight:bold;\">Si vous supprimez l&#8217;une des pages essentielles requises par le plugin, <a href=\"https:\/\/simple-membership-plugin.com\/recreating-required-pages-simple-membership-plugin\/\" target=\"_blank\" rel=\"noopener\">cette documentation<\/a> vous guidera dans leur reconstitution.<\/p>\n<p style=\"border-top:1px solid #ccc;padding-top:10px;margin-top:10px;\">\n<p>\t\t\t<strong>Adh\u00e9sion gratuite<\/strong><br \/> Vous avez un acc\u00e8s illimit\u00e9 au contenu gratuit de l&#8217;adh\u00e9sion  <br \/>\n\t\t\t<em><strong>Prix : Gratuit !<\/strong><\/em><\/p>\n<p>Cliquez sur l&#8217;image ci-dessous pour acc\u00e9der \u00e0 la page d&#8217;inscription si vous souhaitez que vos visiteurs puissent cr\u00e9er un compte d&#8217;adh\u00e9sion gratuit.<\/p>\n<p>\t\t\t<img loading=\"lazy\" decoding=\"async\" title=\"Join Now\" src=\"https:\/\/frauenarzt-rahlstedt.de\/wp-content\/plugins\/simple-membership\/images\/join-now-button-image.gif\" alt=\"Bouton Join Now\" width=\"277\" height=\"82\"><\/p>\n<p style=\"border-bottom:1px solid #ccc;padding-bottom:10px;margin-bottom:10px;\">\n<p><strong>Vous pouvez vous inscrire pour une adh\u00e9sion gratuite ou payer pour l&#8217;une des options d&#8217;adh\u00e9sion suivantes<\/strong><\/p>\n<p style=\"border-top:1px solid #ccc;padding-top:10px;margin-top:10px;\">\n<p>  [ ==&gt; Insert Payment Button For Your Paid Membership Levels Here &lt;== ]  <\/p>\n<p style=\"border-bottom:1px solid #ccc;padding-bottom:10px;margin-bottom:10px;\">\n","protected":false},"excerpt":{"rendered":"<p>Cette page et son contenu ont \u00e9t\u00e9 g\u00e9n\u00e9r\u00e9s automatiquement pour vous donner une id\u00e9e de base de ce \u00e0 quoi doit ressembler une page &#8220;Rejoignez-nous&#8221;. Vous pouvez personnaliser cette page comme bon vous semble en l&#8217;\u00e9ditant depuis votre \u00e9diteur de page WordPress. Si vous modifiez l&#8217;URL de cette page, assurez-vous de mettre \u00e0 jour la [&hellip;]<\/p>\n","protected":false},"author":1,"featured_media":0,"parent":0,"menu_order":0,"comment_status":"closed","ping_status":"closed","template":"","meta":{"footnotes":""},"class_list":["post-11121","page","type-page","status-publish","hentry"],"_links":{"self":[{"href":"https:\/\/frauenarzt-rahlstedt.de\/fr\/wp-json\/wp\/v2\/pages\/11121","targetHints":{"allow":["GET"]}}],"collection":[{"href":"https:\/\/frauenarzt-rahlstedt.de\/fr\/wp-json\/wp\/v2\/pages"}],"about":[{"href":"https:\/\/frauenarzt-rahlstedt.de\/fr\/wp-json\/wp\/v2\/types\/page"}],"author":[{"embeddable":true,"href":"https:\/\/frauenarzt-rahlstedt.de\/fr\/wp-json\/wp\/v2\/users\/1"}],"replies":[{"embeddable":true,"href":"https:\/\/frauenarzt-rahlstedt.de\/fr\/wp-json\/wp\/v2\/comments?post=11121"}],"version-history":[{"count":0,"href":"https:\/\/frauenarzt-rahlstedt.de\/fr\/wp-json\/wp\/v2\/pages\/11121\/revisions"}],"wp:attachment":[{"href":"https:\/\/frauenarzt-rahlstedt.de\/fr\/wp-json\/wp\/v2\/media?parent=11121"}],"curies":[{"name":"wp","href":"https:\/\/api.w.org\/{rel}","templated":true}]}}