{"id":10991,"date":"2024-07-06T19:34:32","date_gmt":"2024-07-06T19:34:32","guid":{"rendered":"https:\/\/frauenarzt-rahlstedt.de\/?page_id=10991"},"modified":"2024-10-20T12:09:05","modified_gmt":"2024-10-20T12:09:05","slug":"mfa-assistante-medicale-recherchee-a-plein-temps-2","status":"publish","type":"page","link":"https:\/\/frauenarzt-rahlstedt.de\/fr\/cabinet-de-diagnostic-prenatal-hambourg-gynecologue-hambourg-cabinet-de-gynecologie-medecine-prenatale-expert-degum-ii-top\/mfa-assistante-medicale-recherchee-a-plein-temps-2\/","title":{"rendered":"Sp\u00e9cialiste en gyn\u00e9cologie et obst\u00e9trique (h\/f) Poste en cabinet \u00e0 temps plein\/partiel \u00e0 Hambourg recherch\u00e9"},"content":{"rendered":"","protected":false},"excerpt":{"rendered":"","protected":false},"author":1,"featured_media":0,"parent":8370,"menu_order":0,"comment_status":"closed","ping_status":"closed","template":"","meta":{"footnotes":""},"class_list":["post-10991","page","type-page","status-publish","hentry"],"_links":{"self":[{"href":"https:\/\/frauenarzt-rahlstedt.de\/fr\/wp-json\/wp\/v2\/pages\/10991","targetHints":{"allow":["GET"]}}],"collection":[{"href":"https:\/\/frauenarzt-rahlstedt.de\/fr\/wp-json\/wp\/v2\/pages"}],"about":[{"href":"https:\/\/frauenarzt-rahlstedt.de\/fr\/wp-json\/wp\/v2\/types\/page"}],"author":[{"embeddable":true,"href":"https:\/\/frauenarzt-rahlstedt.de\/fr\/wp-json\/wp\/v2\/users\/1"}],"replies":[{"embeddable":true,"href":"https:\/\/frauenarzt-rahlstedt.de\/fr\/wp-json\/wp\/v2\/comments?post=10991"}],"version-history":[{"count":0,"href":"https:\/\/frauenarzt-rahlstedt.de\/fr\/wp-json\/wp\/v2\/pages\/10991\/revisions"}],"up":[{"embeddable":true,"href":"https:\/\/frauenarzt-rahlstedt.de\/fr\/wp-json\/wp\/v2\/pages\/8370"}],"wp:attachment":[{"href":"https:\/\/frauenarzt-rahlstedt.de\/fr\/wp-json\/wp\/v2\/media?parent=10991"}],"curies":[{"name":"wp","href":"https:\/\/api.w.org\/{rel}","templated":true}]}}