{"id":8569,"date":"2021-12-27T16:34:28","date_gmt":"2021-12-27T16:34:28","guid":{"rendered":"https:\/\/frauenarzt-rahlstedt.de\/consulta-de-diagnostico-prenatal-hamburgo-ginecologo-hamburgo-consulta-de-ginecologia-medicina-prenatal-degum-ii-expert-top\/ginecologo-hamburgo-ginecologo-con-experiencia-en-hamburgo-uroginecologia-expertos\/"},"modified":"2024-01-23T18:33:43","modified_gmt":"2024-01-23T18:33:43","slug":"ginecologo-hamburgo-ginecologo-con-experiencia-en-hamburgo-uroginecologia-expertos","status":"publish","type":"page","link":"https:\/\/frauenarzt-rahlstedt.de\/es\/consulta-de-diagnostico-prenatal-hamburgo-ginecologo-hamburgo-consulta-de-ginecologia-medicina-prenatal-degum-ii-expert-top\/ginecologo-hamburgo-ginecologo-con-experiencia-en-hamburgo-uroginecologia-expertos\/","title":{"rendered":"Ginec\u00f3logo Hamburgo | Ginec\u00f3logo con experiencia en Hamburgo | Uroginecolog\u00eda | Expertos"},"content":{"rendered":"","protected":false},"excerpt":{"rendered":"","protected":false},"author":1,"featured_media":0,"parent":8365,"menu_order":0,"comment_status":"closed","ping_status":"closed","template":"","meta":{"footnotes":""},"class_list":["post-8569","page","type-page","status-publish","hentry"],"_links":{"self":[{"href":"https:\/\/frauenarzt-rahlstedt.de\/es\/wp-json\/wp\/v2\/pages\/8569","targetHints":{"allow":["GET"]}}],"collection":[{"href":"https:\/\/frauenarzt-rahlstedt.de\/es\/wp-json\/wp\/v2\/pages"}],"about":[{"href":"https:\/\/frauenarzt-rahlstedt.de\/es\/wp-json\/wp\/v2\/types\/page"}],"author":[{"embeddable":true,"href":"https:\/\/frauenarzt-rahlstedt.de\/es\/wp-json\/wp\/v2\/users\/1"}],"replies":[{"embeddable":true,"href":"https:\/\/frauenarzt-rahlstedt.de\/es\/wp-json\/wp\/v2\/comments?post=8569"}],"version-history":[{"count":0,"href":"https:\/\/frauenarzt-rahlstedt.de\/es\/wp-json\/wp\/v2\/pages\/8569\/revisions"}],"up":[{"embeddable":true,"href":"https:\/\/frauenarzt-rahlstedt.de\/es\/wp-json\/wp\/v2\/pages\/8365"}],"wp:attachment":[{"href":"https:\/\/frauenarzt-rahlstedt.de\/es\/wp-json\/wp\/v2\/media?parent=8569"}],"curies":[{"name":"wp","href":"https:\/\/api.w.org\/{rel}","templated":true}]}}