{"id":8518,"date":"2021-12-27T10:51:13","date_gmt":"2021-12-27T10:51:13","guid":{"rendered":"https:\/\/frauenarzt-rahlstedt.de\/newsletter-degum-ii-hamburgo-noticias-de-ginecologia-en-hamburgo-rahlstedt-experto\/"},"modified":"2024-01-23T17:53:28","modified_gmt":"2024-01-23T17:53:28","slug":"newsletter-degum-ii-hamburgo-noticias-de-ginecologia-en-hamburgo-rahlstedt-experto","status":"publish","type":"page","link":"https:\/\/frauenarzt-rahlstedt.de\/es\/newsletter-degum-ii-hamburgo-noticias-de-ginecologia-en-hamburgo-rahlstedt-experto\/","title":{"rendered":"Newsletter | DEGUM II Hamburgo | Noticias de Ginecolog\u00eda en Hamburgo Rahlstedt | Experto"},"content":{"rendered":"<p>[newsletter]<\/p>\n\n<p>Esperamos poder darle la bienvenida a nuestra consulta de ginecolog\u00eda y diagn\u00f3stico prenatal en Hamburgo Rahlstedt.<\/p>\n\n<p>Mant\u00e9ngase al d\u00eda con nuestro bolet\u00edn.<\/p>\n","protected":false},"excerpt":{"rendered":"<p>[newsletter] Esperamos poder darle la bienvenida a nuestra consulta de ginecolog\u00eda y diagn\u00f3stico prenatal en Hamburgo Rahlstedt. Mant\u00e9ngase al d\u00eda con nuestro bolet\u00edn.<\/p>\n","protected":false},"author":1,"featured_media":0,"parent":0,"menu_order":0,"comment_status":"closed","ping_status":"closed","template":"","meta":{"footnotes":""},"class_list":["post-8518","page","type-page","status-publish","hentry"],"_links":{"self":[{"href":"https:\/\/frauenarzt-rahlstedt.de\/es\/wp-json\/wp\/v2\/pages\/8518","targetHints":{"allow":["GET"]}}],"collection":[{"href":"https:\/\/frauenarzt-rahlstedt.de\/es\/wp-json\/wp\/v2\/pages"}],"about":[{"href":"https:\/\/frauenarzt-rahlstedt.de\/es\/wp-json\/wp\/v2\/types\/page"}],"author":[{"embeddable":true,"href":"https:\/\/frauenarzt-rahlstedt.de\/es\/wp-json\/wp\/v2\/users\/1"}],"replies":[{"embeddable":true,"href":"https:\/\/frauenarzt-rahlstedt.de\/es\/wp-json\/wp\/v2\/comments?post=8518"}],"version-history":[{"count":0,"href":"https:\/\/frauenarzt-rahlstedt.de\/es\/wp-json\/wp\/v2\/pages\/8518\/revisions"}],"wp:attachment":[{"href":"https:\/\/frauenarzt-rahlstedt.de\/es\/wp-json\/wp\/v2\/media?parent=8518"}],"curies":[{"name":"wp","href":"https:\/\/api.w.org\/{rel}","templated":true}]}}