{"id":8491,"date":"2024-01-19T19:01:09","date_gmt":"2024-01-19T19:01:09","guid":{"rendered":""},"modified":"2024-12-01T19:16:07","modified_gmt":"2024-12-01T19:16:07","slug":"diagnostico-prenatal-invasivo-amniocentesis-muestreo-de-vellosidades-corionicas-en-hamburgo-aspiracion-con-aguja-fina-durante-el-embarazo-muy-alto-nivel-de-experiencia-gracias-a-expertos-top","status":"publish","type":"page","link":"https:\/\/frauenarzt-rahlstedt.de\/es\/consulta-de-diagnostico-prenatal-hamburgo-ginecologo-hamburgo-consulta-de-ginecologia-medicina-prenatal-degum-ii-expert-top\/diagnostico-prenatal-invasivo-amniocentesis-muestreo-de-vellosidades-corionicas-en-hamburgo-aspiracion-con-aguja-fina-durante-el-embarazo-muy-alto-nivel-de-experiencia-gracias-a-expertos-top\/","title":{"rendered":"Diagn\u00f3stico prenatal invasivo | amniocentesis, muestreo de vellosidades cori\u00f3nicas en Hamburgo | aspiraci\u00f3n con aguja fina durante el embarazo | asesoramiento gen\u00e9tico humano"},"content":{"rendered":"","protected":false},"excerpt":{"rendered":"","protected":false},"author":1,"featured_media":0,"parent":8365,"menu_order":0,"comment_status":"closed","ping_status":"closed","template":"","meta":{"footnotes":""},"class_list":["post-8491","page","type-page","status-publish","hentry"],"_links":{"self":[{"href":"https:\/\/frauenarzt-rahlstedt.de\/es\/wp-json\/wp\/v2\/pages\/8491","targetHints":{"allow":["GET"]}}],"collection":[{"href":"https:\/\/frauenarzt-rahlstedt.de\/es\/wp-json\/wp\/v2\/pages"}],"about":[{"href":"https:\/\/frauenarzt-rahlstedt.de\/es\/wp-json\/wp\/v2\/types\/page"}],"author":[{"embeddable":true,"href":"https:\/\/frauenarzt-rahlstedt.de\/es\/wp-json\/wp\/v2\/users\/1"}],"replies":[{"embeddable":true,"href":"https:\/\/frauenarzt-rahlstedt.de\/es\/wp-json\/wp\/v2\/comments?post=8491"}],"version-history":[{"count":0,"href":"https:\/\/frauenarzt-rahlstedt.de\/es\/wp-json\/wp\/v2\/pages\/8491\/revisions"}],"up":[{"embeddable":true,"href":"https:\/\/frauenarzt-rahlstedt.de\/es\/wp-json\/wp\/v2\/pages\/8365"}],"wp:attachment":[{"href":"https:\/\/frauenarzt-rahlstedt.de\/es\/wp-json\/wp\/v2\/media?parent=8491"}],"curies":[{"name":"wp","href":"https:\/\/api.w.org\/{rel}","templated":true}]}}