{"id":8461,"date":"2024-01-19T18:49:04","date_gmt":"2024-01-19T18:49:04","guid":{"rendered":""},"modified":"2024-01-26T18:44:26","modified_gmt":"2024-01-26T18:44:26","slug":"ecografia-ii-trimestre-diagnostico-de-malformaciones-en-hamburgo-ecocardiografia-fetal-hamburgo-neurosonografia-fetal-alto-nivel-de-seguridad-gracias-a-los-expertos-degum-ii-top","status":"publish","type":"page","link":"https:\/\/frauenarzt-rahlstedt.de\/es\/consulta-de-diagnostico-prenatal-hamburgo-ginecologo-hamburgo-consulta-de-ginecologia-medicina-prenatal-degum-ii-expert-top\/ecografia-ii-trimestre-diagnostico-de-malformaciones-en-hamburgo-ecocardiografia-fetal-hamburgo-neurosonografia-fetal-alto-nivel-de-seguridad-gracias-a-los-expertos-degum-ii-top\/","title":{"rendered":"Ecograf\u00eda II trimestre | diagn\u00f3stico de malformaciones en Hamburgo | ecocardiograf\u00eda fetal Hamburgo | neurosonograf\u00eda fetal | alto nivel de seguridad gracias a los expertos DEGUM II TOP"},"content":{"rendered":"","protected":false},"excerpt":{"rendered":"","protected":false},"author":1,"featured_media":0,"parent":8365,"menu_order":0,"comment_status":"closed","ping_status":"closed","template":"","meta":{"footnotes":""},"class_list":["post-8461","page","type-page","status-publish","hentry"],"_links":{"self":[{"href":"https:\/\/frauenarzt-rahlstedt.de\/es\/wp-json\/wp\/v2\/pages\/8461","targetHints":{"allow":["GET"]}}],"collection":[{"href":"https:\/\/frauenarzt-rahlstedt.de\/es\/wp-json\/wp\/v2\/pages"}],"about":[{"href":"https:\/\/frauenarzt-rahlstedt.de\/es\/wp-json\/wp\/v2\/types\/page"}],"author":[{"embeddable":true,"href":"https:\/\/frauenarzt-rahlstedt.de\/es\/wp-json\/wp\/v2\/users\/1"}],"replies":[{"embeddable":true,"href":"https:\/\/frauenarzt-rahlstedt.de\/es\/wp-json\/wp\/v2\/comments?post=8461"}],"version-history":[{"count":0,"href":"https:\/\/frauenarzt-rahlstedt.de\/es\/wp-json\/wp\/v2\/pages\/8461\/revisions"}],"up":[{"embeddable":true,"href":"https:\/\/frauenarzt-rahlstedt.de\/es\/wp-json\/wp\/v2\/pages\/8365"}],"wp:attachment":[{"href":"https:\/\/frauenarzt-rahlstedt.de\/es\/wp-json\/wp\/v2\/media?parent=8461"}],"curies":[{"name":"wp","href":"https:\/\/api.w.org\/{rel}","templated":true}]}}