{"id":8432,"date":"2023-05-07T14:54:16","date_gmt":"2023-05-07T14:54:16","guid":{"rendered":"https:\/\/frauenarzt-rahlstedt.de\/consulta-de-diagnostico-prenatal-hamburgo-ginecologo-hamburgo-consulta-de-ginecologia-medicina-prenatal-degum-ii-expert-top\/descargar-practica-de-ginecologia-y-diagnostico-prenatal-dr-czugalinski\/"},"modified":"2023-05-07T14:54:16","modified_gmt":"2023-05-07T14:54:16","slug":"descargar-practica-de-ginecologia-y-diagnostico-prenatal-dr-czugalinski","status":"publish","type":"page","link":"https:\/\/frauenarzt-rahlstedt.de\/es\/consulta-de-diagnostico-prenatal-hamburgo-ginecologo-hamburgo-consulta-de-ginecologia-medicina-prenatal-degum-ii-expert-top\/descargar-practica-de-ginecologia-y-diagnostico-prenatal-dr-czugalinski\/","title":{"rendered":"Descargar &#8211; Pr\u00e1ctica de ginecolog\u00eda y diagn\u00f3stico prenatal Dr.Czugalinski"},"content":{"rendered":"","protected":false},"excerpt":{"rendered":"","protected":false},"author":1,"featured_media":0,"parent":8365,"menu_order":0,"comment_status":"closed","ping_status":"closed","template":"","meta":{"footnotes":""},"class_list":["post-8432","page","type-page","status-publish","hentry"],"_links":{"self":[{"href":"https:\/\/frauenarzt-rahlstedt.de\/es\/wp-json\/wp\/v2\/pages\/8432","targetHints":{"allow":["GET"]}}],"collection":[{"href":"https:\/\/frauenarzt-rahlstedt.de\/es\/wp-json\/wp\/v2\/pages"}],"about":[{"href":"https:\/\/frauenarzt-rahlstedt.de\/es\/wp-json\/wp\/v2\/types\/page"}],"author":[{"embeddable":true,"href":"https:\/\/frauenarzt-rahlstedt.de\/es\/wp-json\/wp\/v2\/users\/1"}],"replies":[{"embeddable":true,"href":"https:\/\/frauenarzt-rahlstedt.de\/es\/wp-json\/wp\/v2\/comments?post=8432"}],"version-history":[{"count":0,"href":"https:\/\/frauenarzt-rahlstedt.de\/es\/wp-json\/wp\/v2\/pages\/8432\/revisions"}],"up":[{"embeddable":true,"href":"https:\/\/frauenarzt-rahlstedt.de\/es\/wp-json\/wp\/v2\/pages\/8365"}],"wp:attachment":[{"href":"https:\/\/frauenarzt-rahlstedt.de\/es\/wp-json\/wp\/v2\/media?parent=8432"}],"curies":[{"name":"wp","href":"https:\/\/api.w.org\/{rel}","templated":true}]}}