{"id":8404,"date":"2021-12-31T10:14:27","date_gmt":"2021-12-31T10:14:27","guid":{"rendered":""},"modified":"2021-12-31T10:14:27","modified_gmt":"2021-12-31T10:14:27","slug":"segunda-opinion-diagnostico-prenatal-hamburgo-malformacion-fetal-hamburgo-insuficiencia-placentaria-diagnostico-genetico-amniocentesis-hamburgo-experto","status":"publish","type":"page","link":"https:\/\/frauenarzt-rahlstedt.de\/es\/consulta-de-diagnostico-prenatal-hamburgo-ginecologo-hamburgo-consulta-de-ginecologia-medicina-prenatal-degum-ii-expert-top\/segunda-opinion-diagnostico-prenatal-hamburgo-malformacion-fetal-hamburgo-insuficiencia-placentaria-diagnostico-genetico-amniocentesis-hamburgo-experto\/","title":{"rendered":"Segunda opini\u00f3n diagn\u00f3stico prenatal Hamburgo | Malformaci\u00f3n fetal Hamburgo | Insuficiencia placentaria | Diagn\u00f3stico gen\u00e9tico | Amniocentesis Hamburgo | Experto"},"content":{"rendered":"","protected":false},"excerpt":{"rendered":"","protected":false},"author":1,"featured_media":0,"parent":8365,"menu_order":0,"comment_status":"closed","ping_status":"closed","template":"","meta":{"footnotes":""},"class_list":["post-8404","page","type-page","status-publish","hentry"],"_links":{"self":[{"href":"https:\/\/frauenarzt-rahlstedt.de\/es\/wp-json\/wp\/v2\/pages\/8404","targetHints":{"allow":["GET"]}}],"collection":[{"href":"https:\/\/frauenarzt-rahlstedt.de\/es\/wp-json\/wp\/v2\/pages"}],"about":[{"href":"https:\/\/frauenarzt-rahlstedt.de\/es\/wp-json\/wp\/v2\/types\/page"}],"author":[{"embeddable":true,"href":"https:\/\/frauenarzt-rahlstedt.de\/es\/wp-json\/wp\/v2\/users\/1"}],"replies":[{"embeddable":true,"href":"https:\/\/frauenarzt-rahlstedt.de\/es\/wp-json\/wp\/v2\/comments?post=8404"}],"version-history":[{"count":0,"href":"https:\/\/frauenarzt-rahlstedt.de\/es\/wp-json\/wp\/v2\/pages\/8404\/revisions"}],"up":[{"embeddable":true,"href":"https:\/\/frauenarzt-rahlstedt.de\/es\/wp-json\/wp\/v2\/pages\/8365"}],"wp:attachment":[{"href":"https:\/\/frauenarzt-rahlstedt.de\/es\/wp-json\/wp\/v2\/media?parent=8404"}],"curies":[{"name":"wp","href":"https:\/\/api.w.org\/{rel}","templated":true}]}}