{"id":8365,"date":"2016-06-02T07:00:53","date_gmt":"2016-06-02T07:00:53","guid":{"rendered":"https:\/\/frauenarzt-rahlstedt.de\/consulta-de-diagnostico-prenatal-hamburgo-ginecologo-hamburgo-consulta-de-ginecologia-medicina-prenatal-degum-ii-expert-top\/"},"modified":"2024-03-01T12:39:59","modified_gmt":"2024-03-01T12:39:59","slug":"consulta-de-diagnostico-prenatal-hamburgo-ginecologo-hamburgo-consulta-de-ginecologia-medicina-prenatal-degum-ii-expert-top","status":"publish","type":"page","link":"https:\/\/frauenarzt-rahlstedt.de\/es\/","title":{"rendered":"Diagn\u00f3stico prenatal Hamburgo: Alta especializaci\u00f3n en embarazo | Ginec\u00f3logo Hamburgo | Ginec\u00f3logo | Ambiente agradable &#8211; DEGUM II &#8211; TOP"},"content":{"rendered":"","protected":false},"excerpt":{"rendered":"","protected":false},"author":1,"featured_media":8230,"parent":0,"menu_order":0,"comment_status":"closed","ping_status":"closed","template":"","meta":{"footnotes":""},"class_list":["post-8365","page","type-page","status-publish","has-post-thumbnail","hentry"],"_links":{"self":[{"href":"https:\/\/frauenarzt-rahlstedt.de\/es\/wp-json\/wp\/v2\/pages\/8365","targetHints":{"allow":["GET"]}}],"collection":[{"href":"https:\/\/frauenarzt-rahlstedt.de\/es\/wp-json\/wp\/v2\/pages"}],"about":[{"href":"https:\/\/frauenarzt-rahlstedt.de\/es\/wp-json\/wp\/v2\/types\/page"}],"author":[{"embeddable":true,"href":"https:\/\/frauenarzt-rahlstedt.de\/es\/wp-json\/wp\/v2\/users\/1"}],"replies":[{"embeddable":true,"href":"https:\/\/frauenarzt-rahlstedt.de\/es\/wp-json\/wp\/v2\/comments?post=8365"}],"version-history":[{"count":0,"href":"https:\/\/frauenarzt-rahlstedt.de\/es\/wp-json\/wp\/v2\/pages\/8365\/revisions"}],"wp:featuredmedia":[{"embeddable":true,"href":"https:\/\/frauenarzt-rahlstedt.de\/es\/wp-json\/wp\/v2\/media\/8230"}],"wp:attachment":[{"href":"https:\/\/frauenarzt-rahlstedt.de\/es\/wp-json\/wp\/v2\/media?parent=8365"}],"curies":[{"name":"wp","href":"https:\/\/api.w.org\/{rel}","templated":true}]}}