{"id":11405,"date":"2025-08-31T13:27:55","date_gmt":"2025-08-31T13:27:55","guid":{"rendered":"https:\/\/frauenarzt-rahlstedt.de\/?page_id=11405"},"modified":"2025-08-31T13:27:55","modified_gmt":"2025-08-31T13:27:55","slug":"pildora-hamburgo-diu-anticoncepcion-sin-hormonas-experto-ginecologo-hamburgo-2","status":"publish","type":"page","link":"https:\/\/frauenarzt-rahlstedt.de\/es\/consulta-de-diagnostico-prenatal-hamburgo-ginecologo-hamburgo-consulta-de-ginecologia-medicina-prenatal-degum-ii-expert-top\/pildora-hamburgo-diu-anticoncepcion-sin-hormonas-experto-ginecologo-hamburgo-2\/","title":{"rendered":"P\u00edldora Hamburgo | DIU | Anticoncepci\u00f3n sin hormonas | Experto ginec\u00f3logo Hamburgo"},"content":{"rendered":"","protected":false},"excerpt":{"rendered":"","protected":false},"author":1,"featured_media":0,"parent":8365,"menu_order":0,"comment_status":"closed","ping_status":"closed","template":"","meta":{"footnotes":""},"class_list":["post-11405","page","type-page","status-publish","hentry"],"_links":{"self":[{"href":"https:\/\/frauenarzt-rahlstedt.de\/es\/wp-json\/wp\/v2\/pages\/11405","targetHints":{"allow":["GET"]}}],"collection":[{"href":"https:\/\/frauenarzt-rahlstedt.de\/es\/wp-json\/wp\/v2\/pages"}],"about":[{"href":"https:\/\/frauenarzt-rahlstedt.de\/es\/wp-json\/wp\/v2\/types\/page"}],"author":[{"embeddable":true,"href":"https:\/\/frauenarzt-rahlstedt.de\/es\/wp-json\/wp\/v2\/users\/1"}],"replies":[{"embeddable":true,"href":"https:\/\/frauenarzt-rahlstedt.de\/es\/wp-json\/wp\/v2\/comments?post=11405"}],"version-history":[{"count":1,"href":"https:\/\/frauenarzt-rahlstedt.de\/es\/wp-json\/wp\/v2\/pages\/11405\/revisions"}],"predecessor-version":[{"id":11428,"href":"https:\/\/frauenarzt-rahlstedt.de\/es\/wp-json\/wp\/v2\/pages\/11405\/revisions\/11428"}],"up":[{"embeddable":true,"href":"https:\/\/frauenarzt-rahlstedt.de\/es\/wp-json\/wp\/v2\/pages\/8365"}],"wp:attachment":[{"href":"https:\/\/frauenarzt-rahlstedt.de\/es\/wp-json\/wp\/v2\/media?parent=11405"}],"curies":[{"name":"wp","href":"https:\/\/api.w.org\/{rel}","templated":true}]}}