{"id":9244,"date":"2022-03-21T18:08:41","date_gmt":"2022-03-21T18:08:41","guid":{"rendered":"https:\/\/frauenarzt-rahlstedt.de\/praksis-for-praenatal-diagnostik-hamborg-gynaekolog-hamborg-praksis-for-gynaekologi-praenatal-medicin-degum-ii-expert-top\/praktikanter-til-mfa-soeges-saadan-bliver-du-laegeassistent\/"},"modified":"2024-07-06T19:39:06","modified_gmt":"2024-07-06T19:39:06","slug":"praktikanter-til-mfa-soeges-saadan-bliver-du-laegeassistent","status":"publish","type":"page","link":"https:\/\/frauenarzt-rahlstedt.de\/da\/praksis-for-praenatal-diagnostik-hamborg-gynaekolog-hamborg-praksis-for-gynaekologi-praenatal-medicin-degum-ii-expert-top\/praktikanter-til-mfa-soeges-saadan-bliver-du-laegeassistent\/","title":{"rendered":"Praktikanter til MFA s\u00f8ges | S\u00e5dan bliver du l\u00e6geassistent"},"content":{"rendered":"","protected":false},"excerpt":{"rendered":"","protected":false},"author":1,"featured_media":0,"parent":9051,"menu_order":0,"comment_status":"closed","ping_status":"closed","template":"","meta":{"footnotes":""},"class_list":["post-9244","page","type-page","status-publish","hentry"],"_links":{"self":[{"href":"https:\/\/frauenarzt-rahlstedt.de\/da\/wp-json\/wp\/v2\/pages\/9244","targetHints":{"allow":["GET"]}}],"collection":[{"href":"https:\/\/frauenarzt-rahlstedt.de\/da\/wp-json\/wp\/v2\/pages"}],"about":[{"href":"https:\/\/frauenarzt-rahlstedt.de\/da\/wp-json\/wp\/v2\/types\/page"}],"author":[{"embeddable":true,"href":"https:\/\/frauenarzt-rahlstedt.de\/da\/wp-json\/wp\/v2\/users\/1"}],"replies":[{"embeddable":true,"href":"https:\/\/frauenarzt-rahlstedt.de\/da\/wp-json\/wp\/v2\/comments?post=9244"}],"version-history":[{"count":0,"href":"https:\/\/frauenarzt-rahlstedt.de\/da\/wp-json\/wp\/v2\/pages\/9244\/revisions"}],"up":[{"embeddable":true,"href":"https:\/\/frauenarzt-rahlstedt.de\/da\/wp-json\/wp\/v2\/pages\/9051"}],"wp:attachment":[{"href":"https:\/\/frauenarzt-rahlstedt.de\/da\/wp-json\/wp\/v2\/media?parent=9244"}],"curies":[{"name":"wp","href":"https:\/\/api.w.org\/{rel}","templated":true}]}}