{"id":9222,"date":"2024-01-19T18:49:04","date_gmt":"2024-01-19T18:49:04","guid":{"rendered":""},"modified":"2024-01-26T18:44:21","modified_gmt":"2024-01-26T18:44:21","slug":"ii-trimester-ultralyd-misdannelsesdiagnostik-i-hamborg-foetal-ekkokardiografi-hamborg-foetal-neurosonografi-hoejt-sikkerhedsniveau-takket-vaere-degum-ii-top-eksperter","status":"publish","type":"page","link":"https:\/\/frauenarzt-rahlstedt.de\/da\/praksis-for-praenatal-diagnostik-hamborg-gynaekolog-hamborg-praksis-for-gynaekologi-praenatal-medicin-degum-ii-expert-top\/ii-trimester-ultralyd-misdannelsesdiagnostik-i-hamborg-foetal-ekkokardiografi-hamborg-foetal-neurosonografi-hoejt-sikkerhedsniveau-takket-vaere-degum-ii-top-eksperter\/","title":{"rendered":"II trimester ultralyd | misdannelsesdiagnostik i Hamborg | f\u00f8tal ekkokardiografi Hamborg | f\u00f8tal neurosonografi | h\u00f8jt sikkerhedsniveau takket v\u00e6re DEGUM II TOP-eksperter"},"content":{"rendered":"","protected":false},"excerpt":{"rendered":"","protected":false},"author":1,"featured_media":0,"parent":9051,"menu_order":0,"comment_status":"closed","ping_status":"closed","template":"","meta":{"footnotes":""},"class_list":["post-9222","page","type-page","status-publish","hentry"],"_links":{"self":[{"href":"https:\/\/frauenarzt-rahlstedt.de\/da\/wp-json\/wp\/v2\/pages\/9222","targetHints":{"allow":["GET"]}}],"collection":[{"href":"https:\/\/frauenarzt-rahlstedt.de\/da\/wp-json\/wp\/v2\/pages"}],"about":[{"href":"https:\/\/frauenarzt-rahlstedt.de\/da\/wp-json\/wp\/v2\/types\/page"}],"author":[{"embeddable":true,"href":"https:\/\/frauenarzt-rahlstedt.de\/da\/wp-json\/wp\/v2\/users\/1"}],"replies":[{"embeddable":true,"href":"https:\/\/frauenarzt-rahlstedt.de\/da\/wp-json\/wp\/v2\/comments?post=9222"}],"version-history":[{"count":0,"href":"https:\/\/frauenarzt-rahlstedt.de\/da\/wp-json\/wp\/v2\/pages\/9222\/revisions"}],"up":[{"embeddable":true,"href":"https:\/\/frauenarzt-rahlstedt.de\/da\/wp-json\/wp\/v2\/pages\/9051"}],"wp:attachment":[{"href":"https:\/\/frauenarzt-rahlstedt.de\/da\/wp-json\/wp\/v2\/media?parent=9222"}],"curies":[{"name":"wp","href":"https:\/\/api.w.org\/{rel}","templated":true}]}}