{"id":9216,"date":"2024-01-19T19:01:09","date_gmt":"2024-01-19T19:01:09","guid":{"rendered":""},"modified":"2024-12-01T19:08:33","modified_gmt":"2024-12-01T19:08:33","slug":"invasiv-praenatal-diagnostik-fostervandsproeve-chorionic-villus-sampling-i-hamborg-finnaalsaspiration-under-graviditet-meget-hoejt-erfaringsniveau-takket-vaere-top-eksperter","status":"publish","type":"page","link":"https:\/\/frauenarzt-rahlstedt.de\/da\/praksis-for-praenatal-diagnostik-hamborg-gynaekolog-hamborg-praksis-for-gynaekologi-praenatal-medicin-degum-ii-expert-top\/invasiv-praenatal-diagnostik-fostervandsproeve-chorionic-villus-sampling-i-hamborg-finnaalsaspiration-under-graviditet-meget-hoejt-erfaringsniveau-takket-vaere-top-eksperter\/","title":{"rendered":"Invasiv pr\u00e6natal diagnostik | fostervandspr\u00f8ve, chorion villus-pr\u00f8vetagning i Hamborg | finn\u00e5lsaspiration under graviditet | human genetisk r\u00e5dgivning"},"content":{"rendered":"","protected":false},"excerpt":{"rendered":"","protected":false},"author":1,"featured_media":0,"parent":9051,"menu_order":0,"comment_status":"closed","ping_status":"closed","template":"","meta":{"footnotes":""},"class_list":["post-9216","page","type-page","status-publish","hentry"],"_links":{"self":[{"href":"https:\/\/frauenarzt-rahlstedt.de\/da\/wp-json\/wp\/v2\/pages\/9216","targetHints":{"allow":["GET"]}}],"collection":[{"href":"https:\/\/frauenarzt-rahlstedt.de\/da\/wp-json\/wp\/v2\/pages"}],"about":[{"href":"https:\/\/frauenarzt-rahlstedt.de\/da\/wp-json\/wp\/v2\/types\/page"}],"author":[{"embeddable":true,"href":"https:\/\/frauenarzt-rahlstedt.de\/da\/wp-json\/wp\/v2\/users\/1"}],"replies":[{"embeddable":true,"href":"https:\/\/frauenarzt-rahlstedt.de\/da\/wp-json\/wp\/v2\/comments?post=9216"}],"version-history":[{"count":0,"href":"https:\/\/frauenarzt-rahlstedt.de\/da\/wp-json\/wp\/v2\/pages\/9216\/revisions"}],"up":[{"embeddable":true,"href":"https:\/\/frauenarzt-rahlstedt.de\/da\/wp-json\/wp\/v2\/pages\/9051"}],"wp:attachment":[{"href":"https:\/\/frauenarzt-rahlstedt.de\/da\/wp-json\/wp\/v2\/media?parent=9216"}],"curies":[{"name":"wp","href":"https:\/\/api.w.org\/{rel}","templated":true}]}}