{"id":9080,"date":"2021-12-25T12:10:52","date_gmt":"2021-12-25T12:10:52","guid":{"rendered":""},"modified":"2024-04-04T09:45:48","modified_gmt":"2024-04-04T09:45:48","slug":"foerste-trimester-screening-hamborg-foerste-trimester-screening-nipt-nuchal-translucency-maaling-naeseben-svangerskabsforgiftningsscreening-meget-praecis-fosterdiagnostik-i-en-behagelig-at","status":"publish","type":"page","link":"https:\/\/frauenarzt-rahlstedt.de\/da\/praksis-for-praenatal-diagnostik-hamborg-gynaekolog-hamborg-praksis-for-gynaekologi-praenatal-medicin-degum-ii-expert-top\/foerste-trimester-screening-hamborg-foerste-trimester-screening-nipt-nuchal-translucency-maaling-naeseben-svangerskabsforgiftningsscreening-meget-praecis-fosterdiagnostik-i-en-behagelig-at\/","title":{"rendered":"F\u00f8rste trimester-screening Hamborg | F\u00f8rste trimester-screening | NIPT | Nuchal translucency-m\u00e5ling | N\u00e6seben | Svangerskabsforgiftningsscreening | Meget pr\u00e6cis fosterdiagnostik i en behagelig atmosf\u00e6re TOP-ekspertise"},"content":{"rendered":"","protected":false},"excerpt":{"rendered":"","protected":false},"author":1,"featured_media":0,"parent":9051,"menu_order":0,"comment_status":"closed","ping_status":"closed","template":"","meta":{"footnotes":""},"class_list":["post-9080","page","type-page","status-publish","hentry"],"_links":{"self":[{"href":"https:\/\/frauenarzt-rahlstedt.de\/da\/wp-json\/wp\/v2\/pages\/9080","targetHints":{"allow":["GET"]}}],"collection":[{"href":"https:\/\/frauenarzt-rahlstedt.de\/da\/wp-json\/wp\/v2\/pages"}],"about":[{"href":"https:\/\/frauenarzt-rahlstedt.de\/da\/wp-json\/wp\/v2\/types\/page"}],"author":[{"embeddable":true,"href":"https:\/\/frauenarzt-rahlstedt.de\/da\/wp-json\/wp\/v2\/users\/1"}],"replies":[{"embeddable":true,"href":"https:\/\/frauenarzt-rahlstedt.de\/da\/wp-json\/wp\/v2\/comments?post=9080"}],"version-history":[{"count":0,"href":"https:\/\/frauenarzt-rahlstedt.de\/da\/wp-json\/wp\/v2\/pages\/9080\/revisions"}],"up":[{"embeddable":true,"href":"https:\/\/frauenarzt-rahlstedt.de\/da\/wp-json\/wp\/v2\/pages\/9051"}],"wp:attachment":[{"href":"https:\/\/frauenarzt-rahlstedt.de\/da\/wp-json\/wp\/v2\/media?parent=9080"}],"curies":[{"name":"wp","href":"https:\/\/api.w.org\/{rel}","templated":true}]}}